{"id":33141,"date":"2025-06-23T02:15:38","date_gmt":"2025-06-23T10:15:38","guid":{"rendered":"http:\/\/45.63.70.205\/?post_type=product&#038;p=33141"},"modified":"2025-06-23T02:15:38","modified_gmt":"2025-06-23T10:15:38","slug":"wholesale-custom-a5-softcover-notebook-for-journaling-note-taking-everyday-writing","status":"publish","type":"product","link":"http:\/\/shinyyoustationery.com\/pl\/wholesale-custom-a5-softcover-notebook-for-journaling-note-taking-everyday-writing\/","title":{"rendered":"Hurtownia niestandardowych notatnik\u00f3w A5 w mi\u0119kkiej oprawie do prowadzenia dziennik\u00f3w, robienia notatek i codziennego pisania"},"content":{"rendered":"","protected":false},"excerpt":{"rendered":"<p>Podsycaj swoje wielkie pomys\u0142y dzi\u0119ki temu odwa\u017cnemu i \u017cywemu notatnikowi A5 w mi\u0119kkiej oprawie. Wyposa\u017cony w weso\u0142\u0105, inspirowan\u0105 cytryn\u0105 ok\u0142adk\u0119 i motywuj\u0105cy napis \"Think Big, Write Bigger\", jest idealny do zapisywania notatek, my\u015bli, szkic\u00f3w lub plan\u00f3w. Jego kompaktowy rozmiar sprawia, \u017ce idealnie nadaje si\u0119 do noszenia w torbie - niezale\u017cnie od tego, czy wybierasz si\u0119 na zaj\u0119cia, spotkanie czy do ulubionej kawiarni.<\/p>","protected":false},"featured_media":33142,"template":"","meta":[],"product_brand":[],"product_cat":[682,668],"product_tag":[],"class_list":{"0":"post-33141","1":"product","2":"type-product","3":"status-publish","4":"has-post-thumbnail","6":"product_cat-lemon-collection","7":"product_cat-softcover-notebook","9":"first","10":"instock","11":"shipping-taxable","12":"product-type-simple"},"_links":{"self":[{"href":"http:\/\/shinyyoustationery.com\/pl\/wp-json\/wp\/v2\/product\/33141","targetHints":{"allow":["GET"]}}],"collection":[{"href":"http:\/\/shinyyoustationery.com\/pl\/wp-json\/wp\/v2\/product"}],"about":[{"href":"http:\/\/shinyyoustationery.com\/pl\/wp-json\/wp\/v2\/types\/product"}],"version-history":[{"count":0,"href":"http:\/\/shinyyoustationery.com\/pl\/wp-json\/wp\/v2\/product\/33141\/revisions"}],"wp:featuredmedia":[{"embeddable":true,"href":"http:\/\/shinyyoustationery.com\/pl\/wp-json\/wp\/v2\/media\/33142"}],"wp:attachment":[{"href":"http:\/\/shinyyoustationery.com\/pl\/wp-json\/wp\/v2\/media?parent=33141"}],"wp:term":[{"taxonomy":"product_brand","embeddable":true,"href":"http:\/\/shinyyoustationery.com\/pl\/wp-json\/wp\/v2\/product_brand?post=33141"},{"taxonomy":"product_cat","embeddable":true,"href":"http:\/\/shinyyoustationery.com\/pl\/wp-json\/wp\/v2\/product_cat?post=33141"},{"taxonomy":"product_tag","embeddable":true,"href":"http:\/\/shinyyoustationery.com\/pl\/wp-json\/wp\/v2\/product_tag?post=33141"}],"curies":[{"name":"wp","href":"https:\/\/api.w.org\/{rel}","templated":true}]}}