{"id":33152,"date":"2025-06-23T02:35:34","date_gmt":"2025-06-23T10:35:34","guid":{"rendered":"http:\/\/45.63.70.205\/?post_type=product&#038;p=33152"},"modified":"2025-06-23T02:35:34","modified_gmt":"2025-06-23T10:35:34","slug":"wholesale-custom-a5-pu-hardcover-notebook-with-lemon-print-for-journaling-school-or-everyday-notes","status":"publish","type":"product","link":"http:\/\/shinyyoustationery.com\/pl\/wholesale-custom-a5-pu-hardcover-notebook-with-lemon-print-for-journaling-school-or-everyday-notes\/","title":{"rendered":"Hurtownia niestandardowych notatnik\u00f3w A5 PU w twardej oprawie z cytrynowym nadrukiem do pisania, szko\u0142y lub codziennych notatek"},"content":{"rendered":"","protected":false},"excerpt":{"rendered":"<p>Jasny, odwa\u017cny i pi\u0119knie oprawiony notatnik A5 w twardej oprawie z PU ma weso\u0142y cytrynowy wz\u00f3r i bezpieczny pasek z zatrzaskiem. Dzi\u0119ki wytrzyma\u0142ej ok\u0142adce i przeno\u015bnemu rozmiarowi idealnie nadaje si\u0119 do zapisywania pomys\u0142\u00f3w, notatek z zaj\u0119\u0107, codziennych refleksji lub list rzeczy do zrobienia. \u015awie\u017cy i stylowy towarzysz na biurko, do torby lub plecaka.<\/p>","protected":false},"featured_media":33153,"template":"","meta":[],"product_brand":[],"product_cat":[667],"product_tag":[],"class_list":{"0":"post-33152","1":"product","2":"type-product","3":"status-publish","4":"has-post-thumbnail","6":"product_cat-hardcover-notebook","8":"first","9":"instock","10":"shipping-taxable","11":"product-type-simple"},"_links":{"self":[{"href":"http:\/\/shinyyoustationery.com\/pl\/wp-json\/wp\/v2\/product\/33152","targetHints":{"allow":["GET"]}}],"collection":[{"href":"http:\/\/shinyyoustationery.com\/pl\/wp-json\/wp\/v2\/product"}],"about":[{"href":"http:\/\/shinyyoustationery.com\/pl\/wp-json\/wp\/v2\/types\/product"}],"version-history":[{"count":0,"href":"http:\/\/shinyyoustationery.com\/pl\/wp-json\/wp\/v2\/product\/33152\/revisions"}],"wp:featuredmedia":[{"embeddable":true,"href":"http:\/\/shinyyoustationery.com\/pl\/wp-json\/wp\/v2\/media\/33153"}],"wp:attachment":[{"href":"http:\/\/shinyyoustationery.com\/pl\/wp-json\/wp\/v2\/media?parent=33152"}],"wp:term":[{"taxonomy":"product_brand","embeddable":true,"href":"http:\/\/shinyyoustationery.com\/pl\/wp-json\/wp\/v2\/product_brand?post=33152"},{"taxonomy":"product_cat","embeddable":true,"href":"http:\/\/shinyyoustationery.com\/pl\/wp-json\/wp\/v2\/product_cat?post=33152"},{"taxonomy":"product_tag","embeddable":true,"href":"http:\/\/shinyyoustationery.com\/pl\/wp-json\/wp\/v2\/product_tag?post=33152"}],"curies":[{"name":"wp","href":"https:\/\/api.w.org\/{rel}","templated":true}]}}