{"id":33156,"date":"2025-06-23T02:47:26","date_gmt":"2025-06-23T10:47:26","guid":{"rendered":"http:\/\/45.63.70.205\/?post_type=product&#038;p=33156"},"modified":"2025-06-23T02:47:26","modified_gmt":"2025-06-23T10:47:26","slug":"wholesale-custom-a6-lemon-shaped-spiral-notebook-fun-for-quick-notes-at-school-office","status":"publish","type":"product","link":"http:\/\/shinyyoustationery.com\/pl\/wholesale-custom-a6-lemon-shaped-spiral-notebook-fun-for-quick-notes-at-school-office\/","title":{"rendered":"Spiralny notatnik A6 w kszta\u0142cie cytryny - do szybkich notatek w szkole i biurze"},"content":{"rendered":"","protected":false},"excerpt":{"rendered":"<p>Dodaj pikanterii do swoich notatek dzi\u0119ki temu zabawnemu notesowi spiralowanemu A6 w kszta\u0142cie cytryny. Kompaktowy i lekki, jest idealny do zapisywania szybkich my\u015bli, przypomnie\u0144 lub kreatywnych pomys\u0142\u00f3w, gdziekolwiek jeste\u015b. Dzi\u0119ki jasnemu wzornictwu i \u0142atwym do przewracania stronom, jest to weso\u0142y towarzysz dla dzieci, student\u00f3w lub ka\u017cdego, kto kocha wyj\u0105tkowe artyku\u0142y papiernicze.<\/p>","protected":false},"featured_media":33157,"template":"","meta":[],"product_brand":[],"product_cat":[493,668],"product_tag":[],"class_list":{"0":"post-33156","1":"product","2":"type-product","3":"status-publish","4":"has-post-thumbnail","6":"product_cat-spiral-notebook","7":"product_cat-softcover-notebook","9":"first","10":"instock","11":"shipping-taxable","12":"product-type-simple"},"_links":{"self":[{"href":"http:\/\/shinyyoustationery.com\/pl\/wp-json\/wp\/v2\/product\/33156","targetHints":{"allow":["GET"]}}],"collection":[{"href":"http:\/\/shinyyoustationery.com\/pl\/wp-json\/wp\/v2\/product"}],"about":[{"href":"http:\/\/shinyyoustationery.com\/pl\/wp-json\/wp\/v2\/types\/product"}],"version-history":[{"count":0,"href":"http:\/\/shinyyoustationery.com\/pl\/wp-json\/wp\/v2\/product\/33156\/revisions"}],"wp:featuredmedia":[{"embeddable":true,"href":"http:\/\/shinyyoustationery.com\/pl\/wp-json\/wp\/v2\/media\/33157"}],"wp:attachment":[{"href":"http:\/\/shinyyoustationery.com\/pl\/wp-json\/wp\/v2\/media?parent=33156"}],"wp:term":[{"taxonomy":"product_brand","embeddable":true,"href":"http:\/\/shinyyoustationery.com\/pl\/wp-json\/wp\/v2\/product_brand?post=33156"},{"taxonomy":"product_cat","embeddable":true,"href":"http:\/\/shinyyoustationery.com\/pl\/wp-json\/wp\/v2\/product_cat?post=33156"},{"taxonomy":"product_tag","embeddable":true,"href":"http:\/\/shinyyoustationery.com\/pl\/wp-json\/wp\/v2\/product_tag?post=33156"}],"curies":[{"name":"wp","href":"https:\/\/api.w.org\/{rel}","templated":true}]}}