{"id":33163,"date":"2025-06-23T03:01:14","date_gmt":"2025-06-23T11:01:14","guid":{"rendered":"http:\/\/45.63.70.205\/?post_type=product&#038;p=33163"},"modified":"2025-06-23T03:01:14","modified_gmt":"2025-06-23T11:01:14","slug":"wholesale-custom-a6-softcover-notebook-for-ideas-lists-or-pocket-notes","status":"publish","type":"product","link":"http:\/\/shinyyoustationery.com\/pl\/wholesale-custom-a6-softcover-notebook-for-ideas-lists-or-pocket-notes\/","title":{"rendered":"Hurtowy niestandardowy notatnik A6 w mi\u0119kkiej ok\u0142adce na pomys\u0142y, listy lub notatki kieszonkowe"},"content":{"rendered":"","protected":false},"excerpt":{"rendered":"<p>Zainspiruj si\u0119 do my\u015blenia na wielk\u0105 skal\u0119 dzi\u0119ki temu odwa\u017cnemu notatnikowi A6 w mi\u0119kkiej oprawie z podnosz\u0105cym na duchu przes\u0142aniem: \"Think Big, Write Bigger\". Kompaktowy i kolorowy z \u017cyw\u0105 cytrynowo-\u017c\u00f3\u0142t\u0105 ok\u0142adk\u0105 i b\u0142\u0119kitnym grzbietem, jest idealny do zapisywania pomys\u0142\u00f3w, codziennych zada\u0144 lub kreatywnych impuls\u00f3w w podr\u00f3\u017cy. Motywuj\u0105cy ma\u0142y notatnik, kt\u00f3ry idealnie pasuje do torby lub kieszeni.<\/p>","protected":false},"featured_media":33164,"template":"","meta":[],"product_brand":[],"product_cat":[668,682],"product_tag":[],"class_list":{"0":"post-33163","1":"product","2":"type-product","3":"status-publish","4":"has-post-thumbnail","6":"product_cat-softcover-notebook","7":"product_cat-lemon-collection","9":"first","10":"instock","11":"shipping-taxable","12":"product-type-simple"},"_links":{"self":[{"href":"http:\/\/shinyyoustationery.com\/pl\/wp-json\/wp\/v2\/product\/33163","targetHints":{"allow":["GET"]}}],"collection":[{"href":"http:\/\/shinyyoustationery.com\/pl\/wp-json\/wp\/v2\/product"}],"about":[{"href":"http:\/\/shinyyoustationery.com\/pl\/wp-json\/wp\/v2\/types\/product"}],"version-history":[{"count":0,"href":"http:\/\/shinyyoustationery.com\/pl\/wp-json\/wp\/v2\/product\/33163\/revisions"}],"wp:featuredmedia":[{"embeddable":true,"href":"http:\/\/shinyyoustationery.com\/pl\/wp-json\/wp\/v2\/media\/33164"}],"wp:attachment":[{"href":"http:\/\/shinyyoustationery.com\/pl\/wp-json\/wp\/v2\/media?parent=33163"}],"wp:term":[{"taxonomy":"product_brand","embeddable":true,"href":"http:\/\/shinyyoustationery.com\/pl\/wp-json\/wp\/v2\/product_brand?post=33163"},{"taxonomy":"product_cat","embeddable":true,"href":"http:\/\/shinyyoustationery.com\/pl\/wp-json\/wp\/v2\/product_cat?post=33163"},{"taxonomy":"product_tag","embeddable":true,"href":"http:\/\/shinyyoustationery.com\/pl\/wp-json\/wp\/v2\/product_tag?post=33163"}],"curies":[{"name":"wp","href":"https:\/\/api.w.org\/{rel}","templated":true}]}}