{"id":33167,"date":"2025-06-23T03:08:06","date_gmt":"2025-06-23T11:08:06","guid":{"rendered":"http:\/\/45.63.70.205\/?post_type=product&#038;p=33167"},"modified":"2025-06-23T03:08:28","modified_gmt":"2025-06-23T11:08:28","slug":"wholesale-custom-a6-spiral-softcover-notebook-great-for-daily-notes-at-school-work-or-on-the-go","status":"publish","type":"product","link":"http:\/\/shinyyoustationery.com\/pl\/wholesale-custom-a6-spiral-softcover-notebook-great-for-daily-notes-at-school-work-or-on-the-go\/","title":{"rendered":"Spiralny notatnik A6 w mi\u0119kkiej oprawie, idealny do codziennych notatek w szkole, pracy lub w podr\u00f3\u017cy"},"content":{"rendered":"","protected":false},"excerpt":{"rendered":"<p>Przywitaj si\u0119 ze \u015bwie\u017cymi pomys\u0142ami dzi\u0119ki temu weso\u0142emu notesowi A6 w mi\u0119kkiej oprawie z zabawnym napisem \"Hello Lemon\". Dzi\u0119ki wytrzyma\u0142ej oprawie z drutu i kompaktowemu, przeno\u015bnemu rozmiarowi, jest idealny do zapisywania szybkich my\u015bli, notatek z zaj\u0119\u0107 lub codziennych spraw do za\u0142atwienia, gdziekolwiek jeste\u015b. Jasny i przewiewny dodatek do ka\u017cdej kolekcji artyku\u0142\u00f3w pi\u015bmiennych.<\/p>","protected":false},"featured_media":33169,"template":"","meta":[],"product_brand":[],"product_cat":[493,668],"product_tag":[],"class_list":{"0":"post-33167","1":"product","2":"type-product","3":"status-publish","4":"has-post-thumbnail","6":"product_cat-spiral-notebook","7":"product_cat-softcover-notebook","9":"first","10":"instock","11":"shipping-taxable","12":"product-type-simple"},"_links":{"self":[{"href":"http:\/\/shinyyoustationery.com\/pl\/wp-json\/wp\/v2\/product\/33167","targetHints":{"allow":["GET"]}}],"collection":[{"href":"http:\/\/shinyyoustationery.com\/pl\/wp-json\/wp\/v2\/product"}],"about":[{"href":"http:\/\/shinyyoustationery.com\/pl\/wp-json\/wp\/v2\/types\/product"}],"version-history":[{"count":0,"href":"http:\/\/shinyyoustationery.com\/pl\/wp-json\/wp\/v2\/product\/33167\/revisions"}],"wp:featuredmedia":[{"embeddable":true,"href":"http:\/\/shinyyoustationery.com\/pl\/wp-json\/wp\/v2\/media\/33169"}],"wp:attachment":[{"href":"http:\/\/shinyyoustationery.com\/pl\/wp-json\/wp\/v2\/media?parent=33167"}],"wp:term":[{"taxonomy":"product_brand","embeddable":true,"href":"http:\/\/shinyyoustationery.com\/pl\/wp-json\/wp\/v2\/product_brand?post=33167"},{"taxonomy":"product_cat","embeddable":true,"href":"http:\/\/shinyyoustationery.com\/pl\/wp-json\/wp\/v2\/product_cat?post=33167"},{"taxonomy":"product_tag","embeddable":true,"href":"http:\/\/shinyyoustationery.com\/pl\/wp-json\/wp\/v2\/product_tag?post=33167"}],"curies":[{"name":"wp","href":"https:\/\/api.w.org\/{rel}","templated":true}]}}