{"id":33173,"date":"2025-06-23T03:22:22","date_gmt":"2025-06-23T11:22:22","guid":{"rendered":"http:\/\/45.63.70.205\/?post_type=product&#038;p=33173"},"modified":"2025-06-23T03:22:22","modified_gmt":"2025-06-23T11:22:22","slug":"wholesale-custom-a6-spiral-notebook-for-work-study-or-daily-journaling","status":"publish","type":"product","link":"http:\/\/shinyyoustationery.com\/pl\/wholesale-custom-a6-spiral-notebook-for-work-study-or-daily-journaling\/","title":{"rendered":"Hurtowy niestandardowy notatnik A6 na spirali do pracy, nauki lub codziennego prowadzenia dziennika"},"content":{"rendered":"","protected":false},"excerpt":{"rendered":"<p>Uwolnij swoje wielkie pomys\u0142y dzi\u0119ki temu kompaktowemu notatnikowi spiralowanemu A6, odwa\u017cnie zaprojektowanemu z \u017cyw\u0105 \u017c\u00f3\u0142t\u0105 ok\u0142adk\u0105 i motywuj\u0105cym has\u0142em \"Think Big, Write Bigger\". Jego wygodny rozmiar i wytrzyma\u0142a spiralna oprawa sprawiaj\u0105, \u017ce idealnie nadaje si\u0119 do zapisywania notatek, cel\u00f3w lub kreatywnych my\u015bli, niezale\u017cnie od tego, czy jeste\u015b w biurze, na zaj\u0119ciach, czy w podr\u00f3\u017cy. Weso\u0142e i inspiruj\u0105ce narz\u0119dzie do codziennej produktywno\u015bci.<\/p>","protected":false},"featured_media":33174,"template":"","meta":[],"product_brand":[],"product_cat":[682,493],"product_tag":[],"class_list":{"0":"post-33173","1":"product","2":"type-product","3":"status-publish","4":"has-post-thumbnail","6":"product_cat-lemon-collection","7":"product_cat-spiral-notebook","9":"first","10":"instock","11":"shipping-taxable","12":"product-type-simple"},"_links":{"self":[{"href":"http:\/\/shinyyoustationery.com\/pl\/wp-json\/wp\/v2\/product\/33173","targetHints":{"allow":["GET"]}}],"collection":[{"href":"http:\/\/shinyyoustationery.com\/pl\/wp-json\/wp\/v2\/product"}],"about":[{"href":"http:\/\/shinyyoustationery.com\/pl\/wp-json\/wp\/v2\/types\/product"}],"version-history":[{"count":0,"href":"http:\/\/shinyyoustationery.com\/pl\/wp-json\/wp\/v2\/product\/33173\/revisions"}],"wp:featuredmedia":[{"embeddable":true,"href":"http:\/\/shinyyoustationery.com\/pl\/wp-json\/wp\/v2\/media\/33174"}],"wp:attachment":[{"href":"http:\/\/shinyyoustationery.com\/pl\/wp-json\/wp\/v2\/media?parent=33173"}],"wp:term":[{"taxonomy":"product_brand","embeddable":true,"href":"http:\/\/shinyyoustationery.com\/pl\/wp-json\/wp\/v2\/product_brand?post=33173"},{"taxonomy":"product_cat","embeddable":true,"href":"http:\/\/shinyyoustationery.com\/pl\/wp-json\/wp\/v2\/product_cat?post=33173"},{"taxonomy":"product_tag","embeddable":true,"href":"http:\/\/shinyyoustationery.com\/pl\/wp-json\/wp\/v2\/product_tag?post=33173"}],"curies":[{"name":"wp","href":"https:\/\/api.w.org\/{rel}","templated":true}]}}