{"id":33176,"date":"2025-06-23T03:31:35","date_gmt":"2025-06-23T11:31:35","guid":{"rendered":"http:\/\/45.63.70.205\/?post_type=product&#038;p=33176"},"modified":"2025-06-23T03:32:09","modified_gmt":"2025-06-23T11:32:09","slug":"wholesale-custom-a5-pu-hardcover-notebook-for-office-school-or-daily-goals","status":"publish","type":"product","link":"http:\/\/shinyyoustationery.com\/pl\/wholesale-custom-a5-pu-hardcover-notebook-for-office-school-or-daily-goals\/","title":{"rendered":"Hurtowy niestandardowy notatnik A5 PU w twardej oprawie do biura, szko\u0142y lub codziennych cel\u00f3w"},"content":{"rendered":"","protected":false},"excerpt":{"rendered":"<p data-start=\"231\" data-end=\"634\">Ten stylowy notatnik A5 w twardej oprawie z poliuretanu w orze\u017awiaj\u0105cym kolorze b\u0142\u0119kitu wodnego podniesie jako\u015b\u0107 pisania. Wyposa\u017cony w motywacyjny napis \"Think Big, Write Bigger\" i zabezpieczony \u017cyw\u0105 \u017c\u00f3\u0142t\u0105 gumk\u0105 zaakcentowan\u0105 zawieszk\u0105 w kszta\u0142cie cytryny, ten notatnik jest r\u00f3wnie funkcjonalny, co przyci\u0105gaj\u0105cy wzrok. Idealny do prowadzenia dziennika, robienia notatek lub planowania w pracy, w szkole lub w podr\u00f3\u017cy.<\/p>","protected":false},"featured_media":33177,"template":"","meta":[],"product_brand":[],"product_cat":[667,682],"product_tag":[],"class_list":{"0":"post-33176","1":"product","2":"type-product","3":"status-publish","4":"has-post-thumbnail","6":"product_cat-hardcover-notebook","7":"product_cat-lemon-collection","9":"first","10":"instock","11":"shipping-taxable","12":"product-type-simple"},"_links":{"self":[{"href":"http:\/\/shinyyoustationery.com\/pl\/wp-json\/wp\/v2\/product\/33176","targetHints":{"allow":["GET"]}}],"collection":[{"href":"http:\/\/shinyyoustationery.com\/pl\/wp-json\/wp\/v2\/product"}],"about":[{"href":"http:\/\/shinyyoustationery.com\/pl\/wp-json\/wp\/v2\/types\/product"}],"version-history":[{"count":0,"href":"http:\/\/shinyyoustationery.com\/pl\/wp-json\/wp\/v2\/product\/33176\/revisions"}],"wp:featuredmedia":[{"embeddable":true,"href":"http:\/\/shinyyoustationery.com\/pl\/wp-json\/wp\/v2\/media\/33177"}],"wp:attachment":[{"href":"http:\/\/shinyyoustationery.com\/pl\/wp-json\/wp\/v2\/media?parent=33176"}],"wp:term":[{"taxonomy":"product_brand","embeddable":true,"href":"http:\/\/shinyyoustationery.com\/pl\/wp-json\/wp\/v2\/product_brand?post=33176"},{"taxonomy":"product_cat","embeddable":true,"href":"http:\/\/shinyyoustationery.com\/pl\/wp-json\/wp\/v2\/product_cat?post=33176"},{"taxonomy":"product_tag","embeddable":true,"href":"http:\/\/shinyyoustationery.com\/pl\/wp-json\/wp\/v2\/product_tag?post=33176"}],"curies":[{"name":"wp","href":"https:\/\/api.w.org\/{rel}","templated":true}]}}