{"id":33193,"date":"2025-06-23T17:55:38","date_gmt":"2025-06-24T01:55:38","guid":{"rendered":"http:\/\/45.63.70.205\/?post_type=product&#038;p=33193"},"modified":"2025-06-23T17:55:38","modified_gmt":"2025-06-24T01:55:38","slug":"wholesale-custom-a5-pu-hardcover-notebook-for-work-study-or-personal-goals","status":"publish","type":"product","link":"http:\/\/shinyyoustationery.com\/pl\/wholesale-custom-a5-pu-hardcover-notebook-for-work-study-or-personal-goals\/","title":{"rendered":"Hurtowy niestandardowy notatnik A5 PU w twardej oprawie do pracy, nauki lub cel\u00f3w osobistych"},"content":{"rendered":"","protected":false},"excerpt":{"rendered":"<p>Wkrocz w przysz\u0142o\u015b\u0107 z tym stylowym notatnikiem A5 w twardej oprawie z PU, z inspiruj\u0105cym napisem \"Writing the Future\". \u017bywy cytrynowy urok i turkusowe elastyczne zamkni\u0119cie dodaj\u0105 \u015bwie\u017cego koloru do codziennego robienia notatek. Idealny do prowadzenia dziennika, porz\u0105dkowania my\u015bli lub wyznaczania osobistych cel\u00f3w, ten notatnik jest idealny do szko\u0142y, pracy lub u\u017cytku osobistego.<\/p>","protected":false},"featured_media":33194,"template":"","meta":[],"product_brand":[],"product_cat":[667,682],"product_tag":[],"class_list":{"0":"post-33193","1":"product","2":"type-product","3":"status-publish","4":"has-post-thumbnail","6":"product_cat-hardcover-notebook","7":"product_cat-lemon-collection","9":"first","10":"instock","11":"shipping-taxable","12":"product-type-simple"},"_links":{"self":[{"href":"http:\/\/shinyyoustationery.com\/pl\/wp-json\/wp\/v2\/product\/33193","targetHints":{"allow":["GET"]}}],"collection":[{"href":"http:\/\/shinyyoustationery.com\/pl\/wp-json\/wp\/v2\/product"}],"about":[{"href":"http:\/\/shinyyoustationery.com\/pl\/wp-json\/wp\/v2\/types\/product"}],"version-history":[{"count":0,"href":"http:\/\/shinyyoustationery.com\/pl\/wp-json\/wp\/v2\/product\/33193\/revisions"}],"wp:featuredmedia":[{"embeddable":true,"href":"http:\/\/shinyyoustationery.com\/pl\/wp-json\/wp\/v2\/media\/33194"}],"wp:attachment":[{"href":"http:\/\/shinyyoustationery.com\/pl\/wp-json\/wp\/v2\/media?parent=33193"}],"wp:term":[{"taxonomy":"product_brand","embeddable":true,"href":"http:\/\/shinyyoustationery.com\/pl\/wp-json\/wp\/v2\/product_brand?post=33193"},{"taxonomy":"product_cat","embeddable":true,"href":"http:\/\/shinyyoustationery.com\/pl\/wp-json\/wp\/v2\/product_cat?post=33193"},{"taxonomy":"product_tag","embeddable":true,"href":"http:\/\/shinyyoustationery.com\/pl\/wp-json\/wp\/v2\/product_tag?post=33193"}],"curies":[{"name":"wp","href":"https:\/\/api.w.org\/{rel}","templated":true}]}}