{"id":33198,"date":"2025-06-23T18:03:29","date_gmt":"2025-06-24T02:03:29","guid":{"rendered":"http:\/\/45.63.70.205\/?post_type=product&#038;p=33198"},"modified":"2025-06-23T18:03:29","modified_gmt":"2025-06-24T02:03:29","slug":"wholesale-custom-a5-spiral-notebook-for-school-work-or-creative-journaling","status":"publish","type":"product","link":"http:\/\/shinyyoustationery.com\/pl\/wholesale-custom-a5-spiral-notebook-for-school-work-or-creative-journaling\/","title":{"rendered":"Hurtownia niestandardowych notatnik\u00f3w spiralnych A5 do szko\u0142y, pracy lub kreatywnego pisania w dzienniku"},"content":{"rendered":"","protected":false},"excerpt":{"rendered":"<p>Rozja\u015bnij swoje pisanie dzi\u0119ki temu zabawnemu notesowi spiralowanemu A5 z przyci\u0105gaj\u0105cym wzrok cytrynowym wzorem na orze\u017awiaj\u0105cym niebieskim tle. Unikalna kraw\u0119d\u017a w kszta\u0142cie cytryny i trwa\u0142a oprawa spiralna sprawiaj\u0105, \u017ce jest to idealne rozwi\u0105zanie do szko\u0142y, pracy lub osobistego prowadzenia dziennika. Niezale\u017cnie od tego, czy robisz notatki, sporz\u0105dzasz listy rzeczy do zrobienia, czy rejestrujesz kreatywne pomys\u0142y, ten notatnik doda odrobin\u0119 koloru i kreatywno\u015bci na Twoim biurku.<\/p>","protected":false},"featured_media":33199,"template":"","meta":[],"product_brand":[],"product_cat":[682,493],"product_tag":[],"class_list":{"0":"post-33198","1":"product","2":"type-product","3":"status-publish","4":"has-post-thumbnail","6":"product_cat-lemon-collection","7":"product_cat-spiral-notebook","9":"first","10":"instock","11":"shipping-taxable","12":"product-type-simple"},"_links":{"self":[{"href":"http:\/\/shinyyoustationery.com\/pl\/wp-json\/wp\/v2\/product\/33198","targetHints":{"allow":["GET"]}}],"collection":[{"href":"http:\/\/shinyyoustationery.com\/pl\/wp-json\/wp\/v2\/product"}],"about":[{"href":"http:\/\/shinyyoustationery.com\/pl\/wp-json\/wp\/v2\/types\/product"}],"version-history":[{"count":0,"href":"http:\/\/shinyyoustationery.com\/pl\/wp-json\/wp\/v2\/product\/33198\/revisions"}],"wp:featuredmedia":[{"embeddable":true,"href":"http:\/\/shinyyoustationery.com\/pl\/wp-json\/wp\/v2\/media\/33199"}],"wp:attachment":[{"href":"http:\/\/shinyyoustationery.com\/pl\/wp-json\/wp\/v2\/media?parent=33198"}],"wp:term":[{"taxonomy":"product_brand","embeddable":true,"href":"http:\/\/shinyyoustationery.com\/pl\/wp-json\/wp\/v2\/product_brand?post=33198"},{"taxonomy":"product_cat","embeddable":true,"href":"http:\/\/shinyyoustationery.com\/pl\/wp-json\/wp\/v2\/product_cat?post=33198"},{"taxonomy":"product_tag","embeddable":true,"href":"http:\/\/shinyyoustationery.com\/pl\/wp-json\/wp\/v2\/product_tag?post=33198"}],"curies":[{"name":"wp","href":"https:\/\/api.w.org\/{rel}","templated":true}]}}