{"id":33207,"date":"2025-06-23T18:22:39","date_gmt":"2025-06-24T02:22:39","guid":{"rendered":"http:\/\/45.63.70.205\/?post_type=product&#038;p=33207"},"modified":"2025-06-23T18:22:39","modified_gmt":"2025-06-24T02:22:39","slug":"wholesale-custom-a5-spiral-notebook-bright-lemon-pattern-for-school-office","status":"publish","type":"product","link":"http:\/\/shinyyoustationery.com\/pl\/wholesale-custom-a5-spiral-notebook-bright-lemon-pattern-for-school-office\/","title":{"rendered":"Hurtowy niestandardowy notatnik spiralny A5 Jasny cytrynowy wz\u00f3r dla szko\u0142y i biura"},"content":{"rendered":"","protected":false},"excerpt":{"rendered":"<p>Dodaj odrobin\u0119 koloru do swoich notatek dzi\u0119ki temu notesowi spiralowanemu A5 z odwa\u017cnym i zabawnym cytrynowym wzorem na \u015bwie\u017cym niebieskim tle. \u017bywy design sprawia, \u017ce jest on idealny do notowania pomys\u0142\u00f3w, robienia notatek lub planowania zada\u0144 w szkole, pracy lub domu. Dzi\u0119ki solidnej spiralnej oprawie i zabawnemu wzornictwu, notatnik ten jest doskona\u0142ym towarzyszem dla ka\u017cdej kreatywnej lub organizacyjnej aktywno\u015bci.<\/p>","protected":false},"featured_media":33208,"template":"","meta":[],"product_brand":[],"product_cat":[682,493],"product_tag":[],"class_list":{"0":"post-33207","1":"product","2":"type-product","3":"status-publish","4":"has-post-thumbnail","6":"product_cat-lemon-collection","7":"product_cat-spiral-notebook","9":"first","10":"instock","11":"shipping-taxable","12":"product-type-simple"},"_links":{"self":[{"href":"http:\/\/shinyyoustationery.com\/pl\/wp-json\/wp\/v2\/product\/33207","targetHints":{"allow":["GET"]}}],"collection":[{"href":"http:\/\/shinyyoustationery.com\/pl\/wp-json\/wp\/v2\/product"}],"about":[{"href":"http:\/\/shinyyoustationery.com\/pl\/wp-json\/wp\/v2\/types\/product"}],"version-history":[{"count":0,"href":"http:\/\/shinyyoustationery.com\/pl\/wp-json\/wp\/v2\/product\/33207\/revisions"}],"wp:featuredmedia":[{"embeddable":true,"href":"http:\/\/shinyyoustationery.com\/pl\/wp-json\/wp\/v2\/media\/33208"}],"wp:attachment":[{"href":"http:\/\/shinyyoustationery.com\/pl\/wp-json\/wp\/v2\/media?parent=33207"}],"wp:term":[{"taxonomy":"product_brand","embeddable":true,"href":"http:\/\/shinyyoustationery.com\/pl\/wp-json\/wp\/v2\/product_brand?post=33207"},{"taxonomy":"product_cat","embeddable":true,"href":"http:\/\/shinyyoustationery.com\/pl\/wp-json\/wp\/v2\/product_cat?post=33207"},{"taxonomy":"product_tag","embeddable":true,"href":"http:\/\/shinyyoustationery.com\/pl\/wp-json\/wp\/v2\/product_tag?post=33207"}],"curies":[{"name":"wp","href":"https:\/\/api.w.org\/{rel}","templated":true}]}}