{"id":33211,"date":"2025-06-23T18:36:32","date_gmt":"2025-06-24T02:36:32","guid":{"rendered":"http:\/\/45.63.70.205\/?post_type=product&#038;p=33211"},"modified":"2025-08-13T05:31:50","modified_gmt":"2025-08-13T13:31:50","slug":"wholesale-custom-lemon-themed-whiteboard-with-pen-for-home-office-or-school","status":"publish","type":"product","link":"http:\/\/shinyyoustationery.com\/pl\/wholesale-custom-lemon-themed-whiteboard-with-pen-for-home-office-or-school\/","title":{"rendered":"Hurtowa niestandardowa tablica o tematyce cytrynowej z d\u0142ugopisem do domu, biura lub szko\u0142y"},"content":{"rendered":"","protected":false},"excerpt":{"rendered":"<p>Zachowaj porz\u0105dek w swoich pomys\u0142ach dzi\u0119ki temu zabawnemu zestawowi z tablic\u0105 i d\u0142ugopisem o tematyce cytrynowej. Ta kompaktowa tablica z jasno\u017c\u00f3\u0142tym obramowaniem i por\u0119cznym uchwytem na marker jest idealna do zapisywania szybkich notatek, przypomnie\u0144 lub planowania zada\u0144 w domu, biurze lub szkole. Jej lekka konstrukcja sprawia, \u017ce \u0142atwo j\u0105 powiesi\u0107, a do\u0142\u0105czony marker zapewnia, \u017ce zawsze jeste\u015b gotowy do pisania.<\/p>","protected":false},"featured_media":33212,"template":"","meta":[],"product_brand":[],"product_cat":[682,454],"product_tag":[],"class_list":{"0":"post-33211","1":"product","2":"type-product","3":"status-publish","4":"has-post-thumbnail","6":"product_cat-lemon-collection","7":"product_cat-whiteboard","9":"first","10":"instock","11":"shipping-taxable","12":"product-type-simple"},"_links":{"self":[{"href":"http:\/\/shinyyoustationery.com\/pl\/wp-json\/wp\/v2\/product\/33211","targetHints":{"allow":["GET"]}}],"collection":[{"href":"http:\/\/shinyyoustationery.com\/pl\/wp-json\/wp\/v2\/product"}],"about":[{"href":"http:\/\/shinyyoustationery.com\/pl\/wp-json\/wp\/v2\/types\/product"}],"version-history":[{"count":0,"href":"http:\/\/shinyyoustationery.com\/pl\/wp-json\/wp\/v2\/product\/33211\/revisions"}],"wp:featuredmedia":[{"embeddable":true,"href":"http:\/\/shinyyoustationery.com\/pl\/wp-json\/wp\/v2\/media\/33212"}],"wp:attachment":[{"href":"http:\/\/shinyyoustationery.com\/pl\/wp-json\/wp\/v2\/media?parent=33211"}],"wp:term":[{"taxonomy":"product_brand","embeddable":true,"href":"http:\/\/shinyyoustationery.com\/pl\/wp-json\/wp\/v2\/product_brand?post=33211"},{"taxonomy":"product_cat","embeddable":true,"href":"http:\/\/shinyyoustationery.com\/pl\/wp-json\/wp\/v2\/product_cat?post=33211"},{"taxonomy":"product_tag","embeddable":true,"href":"http:\/\/shinyyoustationery.com\/pl\/wp-json\/wp\/v2\/product_tag?post=33211"}],"curies":[{"name":"wp","href":"https:\/\/api.w.org\/{rel}","templated":true}]}}