{"id":33220,"date":"2025-06-23T19:06:47","date_gmt":"2025-06-24T03:06:47","guid":{"rendered":"http:\/\/45.63.70.205\/?post_type=product&#038;p=33220"},"modified":"2025-07-07T15:31:16","modified_gmt":"2025-07-07T07:31:16","slug":"wholesale-custom-lemon-yellow-fun-triangle-shaped-fashion-bag","status":"publish","type":"product","link":"http:\/\/shinyyoustationery.com\/pl\/wholesale-custom-lemon-yellow-fun-triangle-shaped-fashion-bag\/","title":{"rendered":"Hurtowa niestandardowa \u017c\u00f3\u0142ta cytrynowa zabawna torba w kszta\u0142cie tr\u00f3jk\u0105ta"},"content":{"rendered":"","protected":false},"excerpt":{"rendered":"<p>Rozja\u015bnij sw\u00f3j dzie\u0144 dzi\u0119ki tej wyj\u0105tkowej, cytrynowo\u017c\u00f3\u0142tej torebce w kszta\u0142cie tr\u00f3jk\u0105ta. Dzi\u0119ki odwa\u017cnemu i \u015bwie\u017cemu kolorowi ta torba jest idealna do dodania weso\u0142ego popu do ka\u017cdego stroju. Elegancka konstrukcja i wygodne zapi\u0119cie na suwak sprawiaj\u0105, \u017ce idealnie nadaje si\u0119 do przenoszenia niezb\u0119dnych rzeczy. Niezale\u017cnie od tego, czy wychodzisz na co dzie\u0144, czy po prostu chcesz mie\u0107 zabawny dodatek, ta cytrynowo\u017c\u00f3\u0142ta torba z pewno\u015bci\u0105 zrobi wra\u017cenie.<\/p>","protected":false},"featured_media":33221,"template":"","meta":[],"product_brand":[],"product_cat":[682,533,537],"product_tag":[],"class_list":{"0":"post-33220","1":"product","2":"type-product","3":"status-publish","4":"has-post-thumbnail","6":"product_cat-lemon-collection","7":"product_cat-organizer-bag","8":"product_cat-cosmetic-bag","10":"first","11":"instock","12":"shipping-taxable","13":"product-type-simple"},"_links":{"self":[{"href":"http:\/\/shinyyoustationery.com\/pl\/wp-json\/wp\/v2\/product\/33220","targetHints":{"allow":["GET"]}}],"collection":[{"href":"http:\/\/shinyyoustationery.com\/pl\/wp-json\/wp\/v2\/product"}],"about":[{"href":"http:\/\/shinyyoustationery.com\/pl\/wp-json\/wp\/v2\/types\/product"}],"version-history":[{"count":0,"href":"http:\/\/shinyyoustationery.com\/pl\/wp-json\/wp\/v2\/product\/33220\/revisions"}],"wp:featuredmedia":[{"embeddable":true,"href":"http:\/\/shinyyoustationery.com\/pl\/wp-json\/wp\/v2\/media\/33221"}],"wp:attachment":[{"href":"http:\/\/shinyyoustationery.com\/pl\/wp-json\/wp\/v2\/media?parent=33220"}],"wp:term":[{"taxonomy":"product_brand","embeddable":true,"href":"http:\/\/shinyyoustationery.com\/pl\/wp-json\/wp\/v2\/product_brand?post=33220"},{"taxonomy":"product_cat","embeddable":true,"href":"http:\/\/shinyyoustationery.com\/pl\/wp-json\/wp\/v2\/product_cat?post=33220"},{"taxonomy":"product_tag","embeddable":true,"href":"http:\/\/shinyyoustationery.com\/pl\/wp-json\/wp\/v2\/product_tag?post=33220"}],"curies":[{"name":"wp","href":"https:\/\/api.w.org\/{rel}","templated":true}]}}