{"id":33224,"date":"2025-06-23T21:11:28","date_gmt":"2025-06-24T05:11:28","guid":{"rendered":"http:\/\/45.63.70.205\/?post_type=product&#038;p=33224"},"modified":"2025-07-07T15:20:40","modified_gmt":"2025-07-07T07:20:40","slug":"wholesale-custom-lemon-print-pencil-case-fun-spacious-and-stylish-for-school-or-office","status":"publish","type":"product","link":"http:\/\/shinyyoustationery.com\/pl\/wholesale-custom-lemon-print-pencil-case-fun-spacious-and-stylish-for-school-or-office\/","title":{"rendered":"Hurtownia niestandardowych pi\u00f3rnik\u00f3w z nadrukiem cytryny Zabawny, przestronny i stylowy pi\u00f3rnik do szko\u0142y lub biura"},"content":{"rendered":"","protected":false},"excerpt":{"rendered":"<p>Rozja\u015bnij swoje przybory szkolne lub biurowe dzi\u0119ki temu zabawnemu pi\u00f3rnikowi z nadrukiem cytryny. Zaprojektowany z \u017cywym turkusowym t\u0142em i zabawnymi \u017c\u00f3\u0142tymi cytrynami, ten pi\u00f3rnik jest r\u00f3wnie weso\u0142y, co praktyczny. Przestronna konstrukcja pozwala na \u0142atwe uporz\u0105dkowanie d\u0142ugopis\u00f3w, o\u0142\u00f3wk\u00f3w i innych artyku\u0142\u00f3w pi\u015bmiennych. Niezale\u017cnie od tego, czy jeste\u015b w klasie, czy w pracy, ten przyci\u0105gaj\u0105cy wzrok pi\u00f3rnik doda kolorytu Twoim codziennym niezb\u0119dnikom.<\/p>","protected":false},"featured_media":33226,"template":"","meta":[],"product_brand":[],"product_cat":[682,477,520],"product_tag":[],"class_list":{"0":"post-33224","1":"product","2":"type-product","3":"status-publish","4":"has-post-thumbnail","6":"product_cat-lemon-collection","7":"product_cat-school-bags","8":"product_cat-pencil-case-pouch","10":"first","11":"instock","12":"shipping-taxable","13":"product-type-simple"},"_links":{"self":[{"href":"http:\/\/shinyyoustationery.com\/pl\/wp-json\/wp\/v2\/product\/33224","targetHints":{"allow":["GET"]}}],"collection":[{"href":"http:\/\/shinyyoustationery.com\/pl\/wp-json\/wp\/v2\/product"}],"about":[{"href":"http:\/\/shinyyoustationery.com\/pl\/wp-json\/wp\/v2\/types\/product"}],"version-history":[{"count":0,"href":"http:\/\/shinyyoustationery.com\/pl\/wp-json\/wp\/v2\/product\/33224\/revisions"}],"wp:featuredmedia":[{"embeddable":true,"href":"http:\/\/shinyyoustationery.com\/pl\/wp-json\/wp\/v2\/media\/33226"}],"wp:attachment":[{"href":"http:\/\/shinyyoustationery.com\/pl\/wp-json\/wp\/v2\/media?parent=33224"}],"wp:term":[{"taxonomy":"product_brand","embeddable":true,"href":"http:\/\/shinyyoustationery.com\/pl\/wp-json\/wp\/v2\/product_brand?post=33224"},{"taxonomy":"product_cat","embeddable":true,"href":"http:\/\/shinyyoustationery.com\/pl\/wp-json\/wp\/v2\/product_cat?post=33224"},{"taxonomy":"product_tag","embeddable":true,"href":"http:\/\/shinyyoustationery.com\/pl\/wp-json\/wp\/v2\/product_tag?post=33224"}],"curies":[{"name":"wp","href":"https:\/\/api.w.org\/{rel}","templated":true}]}}