{"id":33229,"date":"2025-06-23T21:13:25","date_gmt":"2025-06-24T05:13:25","guid":{"rendered":"http:\/\/45.63.70.205\/?post_type=product&#038;p=33229"},"modified":"2025-07-07T15:20:33","modified_gmt":"2025-07-07T07:20:33","slug":"wholesale-custom-lemon-print-pencil-case-fun-and-practical-for-school-or-office","status":"publish","type":"product","link":"http:\/\/shinyyoustationery.com\/pl\/wholesale-custom-lemon-print-pencil-case-fun-and-practical-for-school-or-office\/","title":{"rendered":"Hurtowy niestandardowy pi\u00f3rnik z nadrukiem cytryny Zabawny i praktyczny do szko\u0142y lub biura"},"content":{"rendered":"","protected":false},"excerpt":{"rendered":"<p>Ten \u017cywy pi\u00f3rnik z cytrynowym nadrukiem wnosi odrobin\u0119 koloru do codziennych niezb\u0119dnych rzeczy. Dzi\u0119ki orze\u017awiaj\u0105cemu turkusowemu kolorowi i zabawnemu \u017c\u00f3\u0142temu cytrynowemu wzorowi, to etui jest zar\u00f3wno stylowe, jak i funkcjonalne. Przestronne wn\u0119trze pozwala na bezpieczne przechowywanie d\u0142ugopis\u00f3w, o\u0142\u00f3wk\u00f3w lub innych ma\u0142ych przedmiot\u00f3w. Idealny do szko\u0142y, pracy lub podr\u00f3\u017cy, ten uroczy pi\u00f3rnik dodaje weso\u0142ej atmosfery do Twojej organizacji.<\/p>","protected":false},"featured_media":33230,"template":"","meta":[],"product_brand":[],"product_cat":[682,520,477],"product_tag":[],"class_list":{"0":"post-33229","1":"product","2":"type-product","3":"status-publish","4":"has-post-thumbnail","6":"product_cat-lemon-collection","7":"product_cat-pencil-case-pouch","8":"product_cat-school-bags","10":"first","11":"instock","12":"shipping-taxable","13":"product-type-simple"},"_links":{"self":[{"href":"http:\/\/shinyyoustationery.com\/pl\/wp-json\/wp\/v2\/product\/33229","targetHints":{"allow":["GET"]}}],"collection":[{"href":"http:\/\/shinyyoustationery.com\/pl\/wp-json\/wp\/v2\/product"}],"about":[{"href":"http:\/\/shinyyoustationery.com\/pl\/wp-json\/wp\/v2\/types\/product"}],"version-history":[{"count":0,"href":"http:\/\/shinyyoustationery.com\/pl\/wp-json\/wp\/v2\/product\/33229\/revisions"}],"wp:featuredmedia":[{"embeddable":true,"href":"http:\/\/shinyyoustationery.com\/pl\/wp-json\/wp\/v2\/media\/33230"}],"wp:attachment":[{"href":"http:\/\/shinyyoustationery.com\/pl\/wp-json\/wp\/v2\/media?parent=33229"}],"wp:term":[{"taxonomy":"product_brand","embeddable":true,"href":"http:\/\/shinyyoustationery.com\/pl\/wp-json\/wp\/v2\/product_brand?post=33229"},{"taxonomy":"product_cat","embeddable":true,"href":"http:\/\/shinyyoustationery.com\/pl\/wp-json\/wp\/v2\/product_cat?post=33229"},{"taxonomy":"product_tag","embeddable":true,"href":"http:\/\/shinyyoustationery.com\/pl\/wp-json\/wp\/v2\/product_tag?post=33229"}],"curies":[{"name":"wp","href":"https:\/\/api.w.org\/{rel}","templated":true}]}}