{"id":33234,"date":"2025-06-23T21:25:10","date_gmt":"2025-06-24T05:25:10","guid":{"rendered":"http:\/\/45.63.70.205\/?post_type=product&#038;p=33234"},"modified":"2025-06-23T21:25:10","modified_gmt":"2025-06-24T05:25:10","slug":"wholesale-custom-neon-green-rubber-bands-versatile-and-durable-for-office-school-or-home","status":"publish","type":"product","link":"http:\/\/shinyyoustationery.com\/pl\/wholesale-custom-neon-green-rubber-bands-versatile-and-durable-for-office-school-or-home\/","title":{"rendered":"Hurtownia niestandardowych neonowych zielonych gumek Wszechstronne i trwa\u0142e do biura, szko\u0142y lub domu"},"content":{"rendered":"","protected":false},"excerpt":{"rendered":"<p>Te \u017cywe gumki w kolorze neonowej zieleni s\u0105 idealne do wszystkich potrzeb zwi\u0105zanych z porz\u0105dkowaniem i \u0142\u0105czeniem. Zapakowane w wygodny przezroczysty s\u0142oik, s\u0105 \u0142atwe do przechowywania i dost\u0119pne. U\u017cyj ich do przechowywania dokument\u00f3w, organizowania papeterii lub trzymania ma\u0142ych przedmiot\u00f3w razem w domu, szkole lub biurze. Ich odwa\u017cny, neonowy kolor doda zabawnego, jasnego akcentu do Twojego miejsca pracy!<\/p>","protected":false},"featured_media":33235,"template":"","meta":[],"product_brand":[],"product_cat":[682,423],"product_tag":[],"class_list":{"0":"post-33234","1":"product","2":"type-product","3":"status-publish","4":"has-post-thumbnail","6":"product_cat-lemon-collection","7":"product_cat-rubber-band","9":"first","10":"instock","11":"shipping-taxable","12":"product-type-simple"},"_links":{"self":[{"href":"http:\/\/shinyyoustationery.com\/pl\/wp-json\/wp\/v2\/product\/33234","targetHints":{"allow":["GET"]}}],"collection":[{"href":"http:\/\/shinyyoustationery.com\/pl\/wp-json\/wp\/v2\/product"}],"about":[{"href":"http:\/\/shinyyoustationery.com\/pl\/wp-json\/wp\/v2\/types\/product"}],"version-history":[{"count":0,"href":"http:\/\/shinyyoustationery.com\/pl\/wp-json\/wp\/v2\/product\/33234\/revisions"}],"wp:featuredmedia":[{"embeddable":true,"href":"http:\/\/shinyyoustationery.com\/pl\/wp-json\/wp\/v2\/media\/33235"}],"wp:attachment":[{"href":"http:\/\/shinyyoustationery.com\/pl\/wp-json\/wp\/v2\/media?parent=33234"}],"wp:term":[{"taxonomy":"product_brand","embeddable":true,"href":"http:\/\/shinyyoustationery.com\/pl\/wp-json\/wp\/v2\/product_brand?post=33234"},{"taxonomy":"product_cat","embeddable":true,"href":"http:\/\/shinyyoustationery.com\/pl\/wp-json\/wp\/v2\/product_cat?post=33234"},{"taxonomy":"product_tag","embeddable":true,"href":"http:\/\/shinyyoustationery.com\/pl\/wp-json\/wp\/v2\/product_tag?post=33234"}],"curies":[{"name":"wp","href":"https:\/\/api.w.org\/{rel}","templated":true}]}}