{"id":33252,"date":"2025-06-23T22:30:09","date_gmt":"2025-06-24T06:30:09","guid":{"rendered":"http:\/\/45.63.70.205\/?post_type=product&#038;p=33252"},"modified":"2025-06-23T22:32:15","modified_gmt":"2025-06-24T06:32:15","slug":"wholesale-custom-colorful-glass-magnets-decorative-for-fridge-whiteboard-crafts","status":"publish","type":"product","link":"http:\/\/shinyyoustationery.com\/pl\/wholesale-custom-colorful-glass-magnets-decorative-for-fridge-whiteboard-crafts\/","title":{"rendered":"Hurtowe niestandardowe kolorowe magnesy szklane - dekoracyjne na lod\u00f3wk\u0119, tablic\u0119 i r\u0119kodzie\u0142o"},"content":{"rendered":"","protected":false},"excerpt":{"rendered":"<p data-start=\"193\" data-end=\"576\">Wzboga\u0107 swoj\u0105 przestrze\u0144 dzi\u0119ki tym uroczym szklanym magnesom kopu\u0142kowym z \u017cywymi abstrakcyjnymi wzorami. Ka\u017cdy magnes ma b\u0142yszcz\u0105c\u0105, kopu\u0142ow\u0105 powierzchni\u0119, kt\u00f3ra pi\u0119knie wzmacnia kolory i wzory znajduj\u0105ce si\u0119 pod spodem. Idealne do ozdabiania lod\u00f3wek, tablic, szafek lub tworzenia spersonalizowanych tablic na notatki. Zachwycaj\u0105cy i funkcjonalny akcent do wystroju domu, biura lub klasy!<\/p>","protected":false},"featured_media":33253,"template":"","meta":[],"product_brand":[],"product_cat":[682,698],"product_tag":[],"class_list":{"0":"post-33252","1":"product","2":"type-product","3":"status-publish","4":"has-post-thumbnail","6":"product_cat-lemon-collection","7":"product_cat-magnets","9":"first","10":"instock","11":"shipping-taxable","12":"product-type-simple"},"_links":{"self":[{"href":"http:\/\/shinyyoustationery.com\/pl\/wp-json\/wp\/v2\/product\/33252","targetHints":{"allow":["GET"]}}],"collection":[{"href":"http:\/\/shinyyoustationery.com\/pl\/wp-json\/wp\/v2\/product"}],"about":[{"href":"http:\/\/shinyyoustationery.com\/pl\/wp-json\/wp\/v2\/types\/product"}],"version-history":[{"count":0,"href":"http:\/\/shinyyoustationery.com\/pl\/wp-json\/wp\/v2\/product\/33252\/revisions"}],"wp:featuredmedia":[{"embeddable":true,"href":"http:\/\/shinyyoustationery.com\/pl\/wp-json\/wp\/v2\/media\/33253"}],"wp:attachment":[{"href":"http:\/\/shinyyoustationery.com\/pl\/wp-json\/wp\/v2\/media?parent=33252"}],"wp:term":[{"taxonomy":"product_brand","embeddable":true,"href":"http:\/\/shinyyoustationery.com\/pl\/wp-json\/wp\/v2\/product_brand?post=33252"},{"taxonomy":"product_cat","embeddable":true,"href":"http:\/\/shinyyoustationery.com\/pl\/wp-json\/wp\/v2\/product_cat?post=33252"},{"taxonomy":"product_tag","embeddable":true,"href":"http:\/\/shinyyoustationery.com\/pl\/wp-json\/wp\/v2\/product_tag?post=33252"}],"curies":[{"name":"wp","href":"https:\/\/api.w.org\/{rel}","templated":true}]}}