{"id":33258,"date":"2025-06-23T22:43:13","date_gmt":"2025-06-24T06:43:13","guid":{"rendered":"http:\/\/45.63.70.205\/?post_type=product&#038;p=33258"},"modified":"2025-06-23T22:43:13","modified_gmt":"2025-06-24T06:43:13","slug":"wholesale-custom-bright-lemon-fruit-stickers-refresh-your-planners-journals-gifts-with-zesty-charm","status":"publish","type":"product","link":"http:\/\/shinyyoustationery.com\/pl\/wholesale-custom-bright-lemon-fruit-stickers-refresh-your-planners-journals-gifts-with-zesty-charm\/","title":{"rendered":"Hurtownia niestandardowych naklejek z jasnymi owocami cytryny Od\u015bwie\u017c swoje plannery, dzienniki i prezenty z pikantnym urokiem"},"content":{"rendered":"","protected":false},"excerpt":{"rendered":"<p>Dodaj odrobin\u0119 cytrusowej rado\u015bci do swoich notatnik\u00f3w, planer\u00f3w, scrapbook\u00f3w lub opakowa\u0144 prezent\u00f3w dzi\u0119ki tym \u017cywym naklejkom z owocami cytryny! Dzi\u0119ki b\u0142yszcz\u0105cemu wyko\u0144czeniu i \u017cywym kolorom idealnie nadaj\u0105 si\u0119 do rozja\u015bnienia codziennego \u017cycia \u015bwie\u017cym i weso\u0142ym akcentem.<\/p>","protected":false},"featured_media":33259,"template":"","meta":[],"product_brand":[],"product_cat":[682,660],"product_tag":[],"class_list":{"0":"post-33258","1":"product","2":"type-product","3":"status-publish","4":"has-post-thumbnail","6":"product_cat-lemon-collection","7":"product_cat-sticker","9":"first","10":"instock","11":"shipping-taxable","12":"product-type-simple"},"_links":{"self":[{"href":"http:\/\/shinyyoustationery.com\/pl\/wp-json\/wp\/v2\/product\/33258","targetHints":{"allow":["GET"]}}],"collection":[{"href":"http:\/\/shinyyoustationery.com\/pl\/wp-json\/wp\/v2\/product"}],"about":[{"href":"http:\/\/shinyyoustationery.com\/pl\/wp-json\/wp\/v2\/types\/product"}],"version-history":[{"count":0,"href":"http:\/\/shinyyoustationery.com\/pl\/wp-json\/wp\/v2\/product\/33258\/revisions"}],"wp:featuredmedia":[{"embeddable":true,"href":"http:\/\/shinyyoustationery.com\/pl\/wp-json\/wp\/v2\/media\/33259"}],"wp:attachment":[{"href":"http:\/\/shinyyoustationery.com\/pl\/wp-json\/wp\/v2\/media?parent=33258"}],"wp:term":[{"taxonomy":"product_brand","embeddable":true,"href":"http:\/\/shinyyoustationery.com\/pl\/wp-json\/wp\/v2\/product_brand?post=33258"},{"taxonomy":"product_cat","embeddable":true,"href":"http:\/\/shinyyoustationery.com\/pl\/wp-json\/wp\/v2\/product_cat?post=33258"},{"taxonomy":"product_tag","embeddable":true,"href":"http:\/\/shinyyoustationery.com\/pl\/wp-json\/wp\/v2\/product_tag?post=33258"}],"curies":[{"name":"wp","href":"https:\/\/api.w.org\/{rel}","templated":true}]}}