{"id":33301,"date":"2025-06-24T00:35:51","date_gmt":"2025-06-24T08:35:51","guid":{"rendered":"http:\/\/45.63.70.205\/?post_type=product&#038;p=33301"},"modified":"2025-06-24T00:44:56","modified_gmt":"2025-06-24T08:44:56","slug":"wholesale-custom-eco-friendly-a4-stitched-notebook-perfect-for-daily-notes-sustainable-living","status":"publish","type":"product","link":"http:\/\/shinyyoustationery.com\/pl\/wholesale-custom-eco-friendly-a4-stitched-notebook-perfect-for-daily-notes-sustainable-living\/","title":{"rendered":"Hurtowy, niestandardowy, ekologiczny, zszywany notatnik A4 - idealny do codziennych notatek i zr\u00f3wnowa\u017conego \u017cycia"},"content":{"rendered":"","protected":false},"excerpt":{"rendered":"<p>Zr\u00f3wnowa\u017cony rozw\u00f3j z tym zszywanym notatnikiem A4 w mi\u0119kkiej oprawie z \u017cywym wzorem \"Say No to Plastic\". Idealny do prowadzenia dziennika, robienia notatek lub szkicowania, ten ekologiczny notatnik zach\u0119ca do stylu \u017cycia bez plastiku, jednocze\u015bnie dodaj\u0105c kolor do miejsca pracy. Idealny dla tych, kt\u00f3rzy dbaj\u0105 o \u015brodowisko i chc\u0105 co\u015b zmieni\u0107.<\/p>","protected":false},"featured_media":33303,"template":"","meta":[],"product_brand":[],"product_cat":[668,683],"product_tag":[],"class_list":{"0":"post-33301","1":"product","2":"type-product","3":"status-publish","4":"has-post-thumbnail","6":"product_cat-softcover-notebook","7":"product_cat-eco-friendly-collection","9":"first","10":"instock","11":"shipping-taxable","12":"product-type-simple"},"_links":{"self":[{"href":"http:\/\/shinyyoustationery.com\/pl\/wp-json\/wp\/v2\/product\/33301","targetHints":{"allow":["GET"]}}],"collection":[{"href":"http:\/\/shinyyoustationery.com\/pl\/wp-json\/wp\/v2\/product"}],"about":[{"href":"http:\/\/shinyyoustationery.com\/pl\/wp-json\/wp\/v2\/types\/product"}],"version-history":[{"count":0,"href":"http:\/\/shinyyoustationery.com\/pl\/wp-json\/wp\/v2\/product\/33301\/revisions"}],"wp:featuredmedia":[{"embeddable":true,"href":"http:\/\/shinyyoustationery.com\/pl\/wp-json\/wp\/v2\/media\/33303"}],"wp:attachment":[{"href":"http:\/\/shinyyoustationery.com\/pl\/wp-json\/wp\/v2\/media?parent=33301"}],"wp:term":[{"taxonomy":"product_brand","embeddable":true,"href":"http:\/\/shinyyoustationery.com\/pl\/wp-json\/wp\/v2\/product_brand?post=33301"},{"taxonomy":"product_cat","embeddable":true,"href":"http:\/\/shinyyoustationery.com\/pl\/wp-json\/wp\/v2\/product_cat?post=33301"},{"taxonomy":"product_tag","embeddable":true,"href":"http:\/\/shinyyoustationery.com\/pl\/wp-json\/wp\/v2\/product_tag?post=33301"}],"curies":[{"name":"wp","href":"https:\/\/api.w.org\/{rel}","templated":true}]}}