{"id":33307,"date":"2025-06-24T00:42:05","date_gmt":"2025-06-24T08:42:05","guid":{"rendered":"http:\/\/45.63.70.205\/?post_type=product&#038;p=33307"},"modified":"2025-06-24T00:44:29","modified_gmt":"2025-06-24T08:44:29","slug":"wholesale-custom-eco-friendly-a5-spiral-notebook-durable-hard-cover-for-everyday-use","status":"publish","type":"product","link":"http:\/\/shinyyoustationery.com\/pl\/wholesale-custom-eco-friendly-a5-spiral-notebook-durable-hard-cover-for-everyday-use\/","title":{"rendered":"Hurtownia niestandardowych ekologicznych notatnik\u00f3w spiralnych A5 - trwa\u0142a twarda ok\u0142adka do codziennego u\u017cytku"},"content":{"rendered":"","protected":false},"excerpt":{"rendered":"<p>Ten spiralowany notatnik A5 \u0142\u0105czy w sobie elegancki wygl\u0105d i trwa\u0142o\u015b\u0107 z tward\u0105 ok\u0142adk\u0105, idealn\u0105 do pracy, szko\u0142y lub osobistego prowadzenia dziennika. Wyposa\u017cony w minimalistyczne logo \"nJUSTpaper\", jest idealny dla tych, kt\u00f3rzy ceni\u0105 sobie jako\u015b\u0107 i prostot\u0119. Niezale\u017cnie od tego, czy chodzi o robienie notatek, szkicowanie czy planowanie, ten notatnik jest niezawodny i stylowy.<\/p>","protected":false},"featured_media":33308,"template":"","meta":[],"product_brand":[],"product_cat":[493,667,683],"product_tag":[],"class_list":{"0":"post-33307","1":"product","2":"type-product","3":"status-publish","4":"has-post-thumbnail","6":"product_cat-spiral-notebook","7":"product_cat-hardcover-notebook","8":"product_cat-eco-friendly-collection","10":"first","11":"instock","12":"shipping-taxable","13":"product-type-simple"},"_links":{"self":[{"href":"http:\/\/shinyyoustationery.com\/pl\/wp-json\/wp\/v2\/product\/33307","targetHints":{"allow":["GET"]}}],"collection":[{"href":"http:\/\/shinyyoustationery.com\/pl\/wp-json\/wp\/v2\/product"}],"about":[{"href":"http:\/\/shinyyoustationery.com\/pl\/wp-json\/wp\/v2\/types\/product"}],"version-history":[{"count":0,"href":"http:\/\/shinyyoustationery.com\/pl\/wp-json\/wp\/v2\/product\/33307\/revisions"}],"wp:featuredmedia":[{"embeddable":true,"href":"http:\/\/shinyyoustationery.com\/pl\/wp-json\/wp\/v2\/media\/33308"}],"wp:attachment":[{"href":"http:\/\/shinyyoustationery.com\/pl\/wp-json\/wp\/v2\/media?parent=33307"}],"wp:term":[{"taxonomy":"product_brand","embeddable":true,"href":"http:\/\/shinyyoustationery.com\/pl\/wp-json\/wp\/v2\/product_brand?post=33307"},{"taxonomy":"product_cat","embeddable":true,"href":"http:\/\/shinyyoustationery.com\/pl\/wp-json\/wp\/v2\/product_cat?post=33307"},{"taxonomy":"product_tag","embeddable":true,"href":"http:\/\/shinyyoustationery.com\/pl\/wp-json\/wp\/v2\/product_tag?post=33307"}],"curies":[{"name":"wp","href":"https:\/\/api.w.org\/{rel}","templated":true}]}}