{"id":33311,"date":"2025-06-24T00:48:00","date_gmt":"2025-06-24T08:48:00","guid":{"rendered":"http:\/\/45.63.70.205\/?post_type=product&#038;p=33311"},"modified":"2025-06-24T00:51:26","modified_gmt":"2025-06-24T08:51:26","slug":"wholesale-custom-a5-spiral-notebook-pencil-case-set-convenient-and-stylish-for-school-office","status":"publish","type":"product","link":"http:\/\/shinyyoustationery.com\/pl\/wholesale-custom-a5-spiral-notebook-pencil-case-set-convenient-and-stylish-for-school-office\/","title":{"rendered":"Hurtowy zestaw notatnik\u00f3w i pi\u00f3rnik\u00f3w A5 na spirali - wygodny i stylowy do szko\u0142y i biura"},"content":{"rendered":"","protected":false},"excerpt":{"rendered":"<p>Ten spiralowany notatnik A5 jest wyposa\u017cony we wbudowany pi\u00f3rnik zapinany na zamek b\u0142yskawiczny, oferuj\u0105c idealne rozwi\u0105zanie do przechowywania niezb\u0119dnych przybor\u00f3w do pisania. Idealny dla student\u00f3w, profesjonalist\u00f3w lub os\u00f3b kreatywnych, stylowy design \"nJUSTpaper\" i ekologiczna ok\u0142adka sprawiaj\u0105, \u017ce zestaw ten jest praktycznym i modnym dodatkiem do codziennej rutyny. Przechowuj swoje notatki i narz\u0119dzia w jednym eleganckim opakowaniu!<\/p>","protected":false},"featured_media":33312,"template":"","meta":[],"product_brand":[],"product_cat":[667,683,493],"product_tag":[],"class_list":{"0":"post-33311","1":"product","2":"type-product","3":"status-publish","4":"has-post-thumbnail","6":"product_cat-hardcover-notebook","7":"product_cat-eco-friendly-collection","8":"product_cat-spiral-notebook","10":"first","11":"instock","12":"shipping-taxable","13":"product-type-simple"},"_links":{"self":[{"href":"http:\/\/shinyyoustationery.com\/pl\/wp-json\/wp\/v2\/product\/33311","targetHints":{"allow":["GET"]}}],"collection":[{"href":"http:\/\/shinyyoustationery.com\/pl\/wp-json\/wp\/v2\/product"}],"about":[{"href":"http:\/\/shinyyoustationery.com\/pl\/wp-json\/wp\/v2\/types\/product"}],"version-history":[{"count":0,"href":"http:\/\/shinyyoustationery.com\/pl\/wp-json\/wp\/v2\/product\/33311\/revisions"}],"wp:featuredmedia":[{"embeddable":true,"href":"http:\/\/shinyyoustationery.com\/pl\/wp-json\/wp\/v2\/media\/33312"}],"wp:attachment":[{"href":"http:\/\/shinyyoustationery.com\/pl\/wp-json\/wp\/v2\/media?parent=33311"}],"wp:term":[{"taxonomy":"product_brand","embeddable":true,"href":"http:\/\/shinyyoustationery.com\/pl\/wp-json\/wp\/v2\/product_brand?post=33311"},{"taxonomy":"product_cat","embeddable":true,"href":"http:\/\/shinyyoustationery.com\/pl\/wp-json\/wp\/v2\/product_cat?post=33311"},{"taxonomy":"product_tag","embeddable":true,"href":"http:\/\/shinyyoustationery.com\/pl\/wp-json\/wp\/v2\/product_tag?post=33311"}],"curies":[{"name":"wp","href":"https:\/\/api.w.org\/{rel}","templated":true}]}}