{"id":33338,"date":"2025-06-24T01:20:33","date_gmt":"2025-06-24T09:20:33","guid":{"rendered":"http:\/\/45.63.70.205\/?post_type=product&#038;p=33338"},"modified":"2025-06-24T01:29:24","modified_gmt":"2025-06-24T09:29:24","slug":"wholesale-custom-eco-friendly-a5-hardcover-notebook-i-am-not-a-plastic-for-sustainable-work-or-study","status":"publish","type":"product","link":"http:\/\/shinyyoustationery.com\/pl\/wholesale-custom-eco-friendly-a5-hardcover-notebook-i-am-not-a-plastic-for-sustainable-work-or-study\/","title":{"rendered":"Hurtowy niestandardowy ekologiczny notatnik A5 w twardej oprawie - \"NIE JESTEM PLASTIKIEM\" do zr\u00f3wnowa\u017conej pracy lub nauki"},"content":{"rendered":"","protected":false},"excerpt":{"rendered":"<p>Ekologiczny notatnik A5 w twardej oprawie z odwa\u017cnym napisem \"NIE JESTEM PLASTIKIEM\". Wykonana z materia\u0142\u00f3w przyjaznych dla \u015brodowiska, niebieska ok\u0142adka symbolizuje zr\u00f3wnowa\u017cony rozw\u00f3j, a bia\u0142e zamkni\u0119cie na gumk\u0119 zapewnia bezpiecze\u0144stwo notatek. Idealny do pracy, szko\u0142y lub osobistego prowadzenia dziennika, ten notatnik jest idealny dla ka\u017cdego, kto chce zmniejszy\u0107 ilo\u015b\u0107 odpad\u00f3w z tworzyw sztucznych przy jednoczesnym zachowaniu porz\u0105dku.<\/p>","protected":false},"featured_media":33322,"template":"","meta":[],"product_brand":[],"product_cat":[387,494,667,683],"product_tag":[],"class_list":{"0":"post-33338","1":"product","2":"type-product","3":"status-publish","4":"has-post-thumbnail","6":"product_cat-notebooks-journals","7":"product_cat-composition-notebook","8":"product_cat-hardcover-notebook","9":"product_cat-eco-friendly-collection","11":"first","12":"instock","13":"shipping-taxable","14":"product-type-simple"},"_links":{"self":[{"href":"http:\/\/shinyyoustationery.com\/pl\/wp-json\/wp\/v2\/product\/33338","targetHints":{"allow":["GET"]}}],"collection":[{"href":"http:\/\/shinyyoustationery.com\/pl\/wp-json\/wp\/v2\/product"}],"about":[{"href":"http:\/\/shinyyoustationery.com\/pl\/wp-json\/wp\/v2\/types\/product"}],"version-history":[{"count":0,"href":"http:\/\/shinyyoustationery.com\/pl\/wp-json\/wp\/v2\/product\/33338\/revisions"}],"wp:featuredmedia":[{"embeddable":true,"href":"http:\/\/shinyyoustationery.com\/pl\/wp-json\/wp\/v2\/media\/33322"}],"wp:attachment":[{"href":"http:\/\/shinyyoustationery.com\/pl\/wp-json\/wp\/v2\/media?parent=33338"}],"wp:term":[{"taxonomy":"product_brand","embeddable":true,"href":"http:\/\/shinyyoustationery.com\/pl\/wp-json\/wp\/v2\/product_brand?post=33338"},{"taxonomy":"product_cat","embeddable":true,"href":"http:\/\/shinyyoustationery.com\/pl\/wp-json\/wp\/v2\/product_cat?post=33338"},{"taxonomy":"product_tag","embeddable":true,"href":"http:\/\/shinyyoustationery.com\/pl\/wp-json\/wp\/v2\/product_tag?post=33338"}],"curies":[{"name":"wp","href":"https:\/\/api.w.org\/{rel}","templated":true}]}}