{"id":33340,"date":"2025-06-24T01:30:57","date_gmt":"2025-06-24T09:30:57","guid":{"rendered":"http:\/\/45.63.70.205\/?post_type=product&#038;p=33340"},"modified":"2025-06-24T01:38:47","modified_gmt":"2025-06-24T09:38:47","slug":"wholesale-custom-eco-friendly-a5-softcover-notebook-blue-with-speech-bubbles-for-school-or-office","status":"publish","type":"product","link":"http:\/\/shinyyoustationery.com\/pl\/wholesale-custom-eco-friendly-a5-softcover-notebook-blue-with-speech-bubbles-for-school-or-office\/","title":{"rendered":"Hurtowy niestandardowy ekologiczny notatnik A5 w mi\u0119kkiej ok\u0142adce Niebieski z b\u0105belkami mowy dla szko\u0142y lub biura"},"content":{"rendered":"","protected":false},"excerpt":{"rendered":"<p>Ten notatnik A5 w mi\u0119kkiej ok\u0142adce z motywem dymk\u00f3w w kolorze br\u0105zowym na niebieskim tle to zabawny dodatek do pisania. Idealny do prowadzenia dziennika, robienia notatek lub burzy m\u00f3zg\u00f3w, notatnik ten zapewnia mn\u00f3stwo miejsca na my\u015bli. Unikalny design dodaje mu charakteru, czyni\u0105c go zabawnym i funkcjonalnym akcesorium dla student\u00f3w, profesjonalist\u00f3w lub ka\u017cdego, kto uwielbia kreatywne pisanie.<\/p>","protected":false},"featured_media":33324,"template":"","meta":[],"product_brand":[],"product_cat":[387,494,667,683],"product_tag":[],"class_list":{"0":"post-33340","1":"product","2":"type-product","3":"status-publish","4":"has-post-thumbnail","6":"product_cat-notebooks-journals","7":"product_cat-composition-notebook","8":"product_cat-hardcover-notebook","9":"product_cat-eco-friendly-collection","11":"first","12":"instock","13":"shipping-taxable","14":"product-type-simple"},"_links":{"self":[{"href":"http:\/\/shinyyoustationery.com\/pl\/wp-json\/wp\/v2\/product\/33340","targetHints":{"allow":["GET"]}}],"collection":[{"href":"http:\/\/shinyyoustationery.com\/pl\/wp-json\/wp\/v2\/product"}],"about":[{"href":"http:\/\/shinyyoustationery.com\/pl\/wp-json\/wp\/v2\/types\/product"}],"version-history":[{"count":0,"href":"http:\/\/shinyyoustationery.com\/pl\/wp-json\/wp\/v2\/product\/33340\/revisions"}],"wp:featuredmedia":[{"embeddable":true,"href":"http:\/\/shinyyoustationery.com\/pl\/wp-json\/wp\/v2\/media\/33324"}],"wp:attachment":[{"href":"http:\/\/shinyyoustationery.com\/pl\/wp-json\/wp\/v2\/media?parent=33340"}],"wp:term":[{"taxonomy":"product_brand","embeddable":true,"href":"http:\/\/shinyyoustationery.com\/pl\/wp-json\/wp\/v2\/product_brand?post=33340"},{"taxonomy":"product_cat","embeddable":true,"href":"http:\/\/shinyyoustationery.com\/pl\/wp-json\/wp\/v2\/product_cat?post=33340"},{"taxonomy":"product_tag","embeddable":true,"href":"http:\/\/shinyyoustationery.com\/pl\/wp-json\/wp\/v2\/product_tag?post=33340"}],"curies":[{"name":"wp","href":"https:\/\/api.w.org\/{rel}","templated":true}]}}