{"id":33342,"date":"2025-06-24T01:36:14","date_gmt":"2025-06-24T09:36:14","guid":{"rendered":"http:\/\/45.63.70.205\/?post_type=product&#038;p=33342"},"modified":"2025-06-24T01:38:21","modified_gmt":"2025-06-24T09:38:21","slug":"wholesale-custom-a5-cork-hardcover-notebook-for-eco-conscious-journaling-or-gift-giving","status":"publish","type":"product","link":"http:\/\/shinyyoustationery.com\/pl\/wholesale-custom-a5-cork-hardcover-notebook-for-eco-conscious-journaling-or-gift-giving\/","title":{"rendered":"Hurtownia niestandardowych notatnik\u00f3w A5 Cork w twardej oprawie do ekologicznego prowadzenia dziennika lub wr\u0119czania prezent\u00f3w"},"content":{"rendered":"","protected":false},"excerpt":{"rendered":"<p>Ten ekologiczny notatnik A5 w twardej oprawie z korka jest idealny dla ka\u017cdego, kto kocha natur\u0119 i zr\u00f3wnowa\u017cony rozw\u00f3j. Elegancki design zawiera delikatn\u0105 ilustracj\u0119 mniszka lekarskiego i podnosz\u0105cy na duchu napis \"Enjoying Love\". Dzi\u0119ki wyj\u0105tkowej korkowej ok\u0142adce notatnik ten oferuje naturalny, ziemisty wygl\u0105d, dzi\u0119ki czemu idealnie nadaje si\u0119 do prowadzenia dziennika, robienia notatek lub podarowania komu\u015b wyj\u0105tkowemu. Jego kompaktowy rozmiar i trwa\u0142a konstrukcja sprawiaj\u0105, \u017ce jest idealnym towarzyszem zar\u00f3wno do codziennego u\u017cytku, jak i przemy\u015blanych prezent\u00f3w.<\/p>","protected":false},"featured_media":33326,"template":"","meta":[],"product_brand":[],"product_cat":[667,683,387,494],"product_tag":[],"class_list":{"0":"post-33342","1":"product","2":"type-product","3":"status-publish","4":"has-post-thumbnail","6":"product_cat-hardcover-notebook","7":"product_cat-eco-friendly-collection","8":"product_cat-notebooks-journals","9":"product_cat-composition-notebook","11":"first","12":"instock","13":"shipping-taxable","14":"product-type-simple"},"_links":{"self":[{"href":"http:\/\/shinyyoustationery.com\/pl\/wp-json\/wp\/v2\/product\/33342","targetHints":{"allow":["GET"]}}],"collection":[{"href":"http:\/\/shinyyoustationery.com\/pl\/wp-json\/wp\/v2\/product"}],"about":[{"href":"http:\/\/shinyyoustationery.com\/pl\/wp-json\/wp\/v2\/types\/product"}],"version-history":[{"count":0,"href":"http:\/\/shinyyoustationery.com\/pl\/wp-json\/wp\/v2\/product\/33342\/revisions"}],"wp:featuredmedia":[{"embeddable":true,"href":"http:\/\/shinyyoustationery.com\/pl\/wp-json\/wp\/v2\/media\/33326"}],"wp:attachment":[{"href":"http:\/\/shinyyoustationery.com\/pl\/wp-json\/wp\/v2\/media?parent=33342"}],"wp:term":[{"taxonomy":"product_brand","embeddable":true,"href":"http:\/\/shinyyoustationery.com\/pl\/wp-json\/wp\/v2\/product_brand?post=33342"},{"taxonomy":"product_cat","embeddable":true,"href":"http:\/\/shinyyoustationery.com\/pl\/wp-json\/wp\/v2\/product_cat?post=33342"},{"taxonomy":"product_tag","embeddable":true,"href":"http:\/\/shinyyoustationery.com\/pl\/wp-json\/wp\/v2\/product_tag?post=33342"}],"curies":[{"name":"wp","href":"https:\/\/api.w.org\/{rel}","templated":true}]}}