{"id":33344,"date":"2025-06-24T01:40:50","date_gmt":"2025-06-24T09:40:50","guid":{"rendered":"http:\/\/45.63.70.205\/?post_type=product&#038;p=33344"},"modified":"2025-06-24T01:43:27","modified_gmt":"2025-06-24T09:43:27","slug":"wholesale-custom-a5-cork-hardcover-notebook-nature-inspired-design-for-eco-friendly-journaling","status":"publish","type":"product","link":"http:\/\/shinyyoustationery.com\/pl\/wholesale-custom-a5-cork-hardcover-notebook-nature-inspired-design-for-eco-friendly-journaling\/","title":{"rendered":"Hurtownia niestandardowych notatnik\u00f3w A5 w twardej oprawie inspirowanych natur\u0105 do ekologicznego prowadzenia dziennika"},"content":{"rendered":"","protected":false},"excerpt":{"rendered":"<p>Ten korkowy notatnik A5 w twardej oprawie charakteryzuje si\u0119 eleganckim, inspirowanym natur\u0105 wzornictwem z delikatnymi bia\u0142ymi ilustracjami kwiat\u00f3w i wa\u017cek na bogatym korkowym tle. Idealny dla os\u00f3b dbaj\u0105cych o \u015brodowisko, oferuje zr\u00f3wnowa\u017cony i stylowy spos\u00f3b na zapisywanie my\u015bli, pomys\u0142\u00f3w lub notatek. Niezale\u017cnie od tego, czy prowadzisz dziennik, szkicujesz, czy organizujesz, ten wyj\u0105tkowy notatnik doda odrobin\u0119 natury do Twojej pracy lub osobistych projekt\u00f3w.<\/p>","protected":false},"featured_media":33328,"template":"","meta":[],"product_brand":[],"product_cat":[387,494,667,683],"product_tag":[],"class_list":{"0":"post-33344","1":"product","2":"type-product","3":"status-publish","4":"has-post-thumbnail","6":"product_cat-notebooks-journals","7":"product_cat-composition-notebook","8":"product_cat-hardcover-notebook","9":"product_cat-eco-friendly-collection","11":"first","12":"instock","13":"shipping-taxable","14":"product-type-simple"},"_links":{"self":[{"href":"http:\/\/shinyyoustationery.com\/pl\/wp-json\/wp\/v2\/product\/33344","targetHints":{"allow":["GET"]}}],"collection":[{"href":"http:\/\/shinyyoustationery.com\/pl\/wp-json\/wp\/v2\/product"}],"about":[{"href":"http:\/\/shinyyoustationery.com\/pl\/wp-json\/wp\/v2\/types\/product"}],"version-history":[{"count":0,"href":"http:\/\/shinyyoustationery.com\/pl\/wp-json\/wp\/v2\/product\/33344\/revisions"}],"wp:featuredmedia":[{"embeddable":true,"href":"http:\/\/shinyyoustationery.com\/pl\/wp-json\/wp\/v2\/media\/33328"}],"wp:attachment":[{"href":"http:\/\/shinyyoustationery.com\/pl\/wp-json\/wp\/v2\/media?parent=33344"}],"wp:term":[{"taxonomy":"product_brand","embeddable":true,"href":"http:\/\/shinyyoustationery.com\/pl\/wp-json\/wp\/v2\/product_brand?post=33344"},{"taxonomy":"product_cat","embeddable":true,"href":"http:\/\/shinyyoustationery.com\/pl\/wp-json\/wp\/v2\/product_cat?post=33344"},{"taxonomy":"product_tag","embeddable":true,"href":"http:\/\/shinyyoustationery.com\/pl\/wp-json\/wp\/v2\/product_tag?post=33344"}],"curies":[{"name":"wp","href":"https:\/\/api.w.org\/{rel}","templated":true}]}}