{"id":33347,"date":"2025-06-24T02:13:52","date_gmt":"2025-06-24T10:13:52","guid":{"rendered":"http:\/\/45.63.70.205\/?post_type=product&#038;p=33347"},"modified":"2025-06-24T02:24:04","modified_gmt":"2025-06-24T10:24:04","slug":"wholesale-custom-a5-hardcover-notebook-woven-texture-design-for-school-or-office","status":"publish","type":"product","link":"http:\/\/shinyyoustationery.com\/pl\/wholesale-custom-a5-hardcover-notebook-woven-texture-design-for-school-or-office\/","title":{"rendered":"Hurtownia niestandardowych notatnik\u00f3w A5 w twardej oprawie - wz\u00f3r tkanej tekstury dla szko\u0142y lub biura"},"content":{"rendered":"","protected":false},"excerpt":{"rendered":"<p>Ten notatnik A5 w twardej oprawie o wyrafinowanej, plecionej fakturze w ciep\u0142ym, naturalnym kolorze to doskona\u0142e rozwi\u0105zanie do robienia notatek. Prosty, ale elegancki design \"Note Book\" dodaje mu nowoczesnego charakteru, dzi\u0119ki czemu idealnie nadaje si\u0119 do pracy, szko\u0142y lub osobistego prowadzenia dziennika. Wytrzyma\u0142a ok\u0142adka i g\u0142adkie strony zapewniaj\u0105 niezawodn\u0105 przestrze\u0144 do pisania, rysowania lub organizowania my\u015bli, idealn\u0105 dla ka\u017cdego, kto ceni sobie zar\u00f3wno styl, jak i funkcjonalno\u015b\u0107.<\/p>","protected":false},"featured_media":33330,"template":"","meta":[],"product_brand":[],"product_cat":[387,494,667,683],"product_tag":[],"class_list":{"0":"post-33347","1":"product","2":"type-product","3":"status-publish","4":"has-post-thumbnail","6":"product_cat-notebooks-journals","7":"product_cat-composition-notebook","8":"product_cat-hardcover-notebook","9":"product_cat-eco-friendly-collection","11":"first","12":"instock","13":"shipping-taxable","14":"product-type-simple"},"_links":{"self":[{"href":"http:\/\/shinyyoustationery.com\/pl\/wp-json\/wp\/v2\/product\/33347","targetHints":{"allow":["GET"]}}],"collection":[{"href":"http:\/\/shinyyoustationery.com\/pl\/wp-json\/wp\/v2\/product"}],"about":[{"href":"http:\/\/shinyyoustationery.com\/pl\/wp-json\/wp\/v2\/types\/product"}],"version-history":[{"count":0,"href":"http:\/\/shinyyoustationery.com\/pl\/wp-json\/wp\/v2\/product\/33347\/revisions"}],"wp:featuredmedia":[{"embeddable":true,"href":"http:\/\/shinyyoustationery.com\/pl\/wp-json\/wp\/v2\/media\/33330"}],"wp:attachment":[{"href":"http:\/\/shinyyoustationery.com\/pl\/wp-json\/wp\/v2\/media?parent=33347"}],"wp:term":[{"taxonomy":"product_brand","embeddable":true,"href":"http:\/\/shinyyoustationery.com\/pl\/wp-json\/wp\/v2\/product_brand?post=33347"},{"taxonomy":"product_cat","embeddable":true,"href":"http:\/\/shinyyoustationery.com\/pl\/wp-json\/wp\/v2\/product_cat?post=33347"},{"taxonomy":"product_tag","embeddable":true,"href":"http:\/\/shinyyoustationery.com\/pl\/wp-json\/wp\/v2\/product_tag?post=33347"}],"curies":[{"name":"wp","href":"https:\/\/api.w.org\/{rel}","templated":true}]}}