{"id":33350,"date":"2025-06-24T02:17:11","date_gmt":"2025-06-24T10:17:11","guid":{"rendered":"http:\/\/45.63.70.205\/?post_type=product&#038;p=33350"},"modified":"2025-06-24T02:29:11","modified_gmt":"2025-06-24T10:29:11","slug":"wholesale-custom-a5-pu-hardcover-notebook-elegant-wheat-with-strap-closure-for-office-school","status":"publish","type":"product","link":"http:\/\/shinyyoustationery.com\/pl\/wholesale-custom-a5-pu-hardcover-notebook-elegant-wheat-with-strap-closure-for-office-school\/","title":{"rendered":"Hurtownia niestandardowych notatnik\u00f3w A5 PU w twardej oprawie Elegancka pszenica z zapi\u0119ciem na pasek do biura i szko\u0142y"},"content":{"rendered":"","protected":false},"excerpt":{"rendered":"<p>Ten notatnik A5 w twardej oprawie z PU ma pi\u0119kny wz\u00f3r \u0142odygi pszenicy z mi\u0119kk\u0105 be\u017cow\u0105 ok\u0142adk\u0105 i wygodnym zamkni\u0119ciem na pasek dla dodatkowego bezpiecze\u0144stwa. Elegancki wygl\u0105d sprawia, \u017ce jest on idealny dla profesjonalist\u00f3w, student\u00f3w lub ka\u017cdego, kto lubi wyrafinowane wra\u017cenia podczas pisania. Niezale\u017cnie od tego, czy u\u017cywasz go do pracy, nauki, czy osobistego prowadzenia dziennika, ten wytrzyma\u0142y notatnik zapewnia idealne miejsce na my\u015bli, notatki i kreatywne pomys\u0142y.<\/p>","protected":false},"featured_media":33336,"template":"","meta":[],"product_brand":[],"product_cat":[387,494,667,683],"product_tag":[],"class_list":{"0":"post-33350","1":"product","2":"type-product","3":"status-publish","4":"has-post-thumbnail","6":"product_cat-notebooks-journals","7":"product_cat-composition-notebook","8":"product_cat-hardcover-notebook","9":"product_cat-eco-friendly-collection","11":"first","12":"instock","13":"shipping-taxable","14":"product-type-simple"},"_links":{"self":[{"href":"http:\/\/shinyyoustationery.com\/pl\/wp-json\/wp\/v2\/product\/33350","targetHints":{"allow":["GET"]}}],"collection":[{"href":"http:\/\/shinyyoustationery.com\/pl\/wp-json\/wp\/v2\/product"}],"about":[{"href":"http:\/\/shinyyoustationery.com\/pl\/wp-json\/wp\/v2\/types\/product"}],"version-history":[{"count":0,"href":"http:\/\/shinyyoustationery.com\/pl\/wp-json\/wp\/v2\/product\/33350\/revisions"}],"wp:featuredmedia":[{"embeddable":true,"href":"http:\/\/shinyyoustationery.com\/pl\/wp-json\/wp\/v2\/media\/33336"}],"wp:attachment":[{"href":"http:\/\/shinyyoustationery.com\/pl\/wp-json\/wp\/v2\/media?parent=33350"}],"wp:term":[{"taxonomy":"product_brand","embeddable":true,"href":"http:\/\/shinyyoustationery.com\/pl\/wp-json\/wp\/v2\/product_brand?post=33350"},{"taxonomy":"product_cat","embeddable":true,"href":"http:\/\/shinyyoustationery.com\/pl\/wp-json\/wp\/v2\/product_cat?post=33350"},{"taxonomy":"product_tag","embeddable":true,"href":"http:\/\/shinyyoustationery.com\/pl\/wp-json\/wp\/v2\/product_tag?post=33350"}],"curies":[{"name":"wp","href":"https:\/\/api.w.org\/{rel}","templated":true}]}}