{"id":33378,"date":"2025-06-24T03:43:59","date_gmt":"2025-06-24T11:43:59","guid":{"rendered":"http:\/\/45.63.70.205\/?post_type=product&#038;p=33378"},"modified":"2025-06-24T03:43:59","modified_gmt":"2025-06-24T11:43:59","slug":"mike-wazowski-plush-keychain-cute-green-monster-for-bags-backpacks-or-keys","status":"publish","type":"product","link":"http:\/\/shinyyoustationery.com\/pl\/mike-wazowski-plush-keychain-cute-green-monster-for-bags-backpacks-or-keys\/","title":{"rendered":"Pluszowy brelok Mike Wazowski - uroczy zielony potw\u00f3r do torby, plecaka lub kluczy"},"content":{"rendered":"","protected":false},"excerpt":{"rendered":"<p>Ten pluszowy breloczek Mike'a Wazowskiego to \u015bwietna zabawa! Ten \u017cywy zielony potw\u00f3r z <em data-start=\"209\" data-end=\"225\">Monsters, Inc.<\/em> z jego kultowym pojedynczym okiem i psotnym u\u015bmiechem, co czyni go idealnym dodatkiem do kluczy, torebki lub plecaka. Mi\u0119kki i uroczy breloczek jest niezb\u0119dny dla fan\u00f3w filmu lub ka\u017cdego, kto kocha urocze, zabawne akcesoria z postaciami.<\/p>","protected":false},"featured_media":33379,"template":"","meta":[],"product_brand":[],"product_cat":[383],"product_tag":[],"class_list":{"0":"post-33378","1":"product","2":"type-product","3":"status-publish","4":"has-post-thumbnail","6":"product_cat-licensed-stationery-supplier","8":"first","9":"instock","10":"shipping-taxable","11":"product-type-simple"},"_links":{"self":[{"href":"http:\/\/shinyyoustationery.com\/pl\/wp-json\/wp\/v2\/product\/33378","targetHints":{"allow":["GET"]}}],"collection":[{"href":"http:\/\/shinyyoustationery.com\/pl\/wp-json\/wp\/v2\/product"}],"about":[{"href":"http:\/\/shinyyoustationery.com\/pl\/wp-json\/wp\/v2\/types\/product"}],"version-history":[{"count":0,"href":"http:\/\/shinyyoustationery.com\/pl\/wp-json\/wp\/v2\/product\/33378\/revisions"}],"wp:featuredmedia":[{"embeddable":true,"href":"http:\/\/shinyyoustationery.com\/pl\/wp-json\/wp\/v2\/media\/33379"}],"wp:attachment":[{"href":"http:\/\/shinyyoustationery.com\/pl\/wp-json\/wp\/v2\/media?parent=33378"}],"wp:term":[{"taxonomy":"product_brand","embeddable":true,"href":"http:\/\/shinyyoustationery.com\/pl\/wp-json\/wp\/v2\/product_brand?post=33378"},{"taxonomy":"product_cat","embeddable":true,"href":"http:\/\/shinyyoustationery.com\/pl\/wp-json\/wp\/v2\/product_cat?post=33378"},{"taxonomy":"product_tag","embeddable":true,"href":"http:\/\/shinyyoustationery.com\/pl\/wp-json\/wp\/v2\/product_tag?post=33378"}],"curies":[{"name":"wp","href":"https:\/\/api.w.org\/{rel}","templated":true}]}}