{"id":33381,"date":"2025-06-24T03:46:27","date_gmt":"2025-06-24T11:46:27","guid":{"rendered":"http:\/\/45.63.70.205\/?post_type=product&#038;p=33381"},"modified":"2025-06-24T03:46:27","modified_gmt":"2025-06-24T11:46:27","slug":"alien-plush-pen-disney-pixar-toy-story-green-alien-for-fun-writing","status":"publish","type":"product","link":"http:\/\/shinyyoustationery.com\/pl\/alien-plush-pen-disney-pixar-toy-story-green-alien-for-fun-writing\/","title":{"rendered":"Pluszowy d\u0142ugopis Obcy - Disney Pixar \"Toy Story\" Zielony Obcy do zabawy w pisanie"},"content":{"rendered":"","protected":false},"excerpt":{"rendered":"<p>Dodaj troch\u0119 kaprysu do swojego pisma za pomoc\u0105 tego uroczego pluszowego d\u0142ugopisu Alien z Disney Pixar's <em data-start=\"205\" data-end=\"216\">Toy Story<\/em>! Pi\u00f3ro ma urocz\u0105, mi\u0119kk\u0105, zielon\u0105 posta\u0107 Obcego na g\u00f3rze, z napisem \"Aliens\" nadrukowanym na niebieskim korpusie pi\u00f3ra. Idealny do szko\u0142y, pracy lub jako wyj\u0105tkowy prezent, ten zabawny d\u0142ugopis dodaje osobowo\u015bci i uroku ka\u017cdemu biurku lub kolekcji artyku\u0142\u00f3w pi\u015bmiennych.<\/p>","protected":false},"featured_media":33382,"template":"","meta":[],"product_brand":[],"product_cat":[383],"product_tag":[],"class_list":{"0":"post-33381","1":"product","2":"type-product","3":"status-publish","4":"has-post-thumbnail","6":"product_cat-licensed-stationery-supplier","8":"first","9":"instock","10":"shipping-taxable","11":"product-type-simple"},"_links":{"self":[{"href":"http:\/\/shinyyoustationery.com\/pl\/wp-json\/wp\/v2\/product\/33381","targetHints":{"allow":["GET"]}}],"collection":[{"href":"http:\/\/shinyyoustationery.com\/pl\/wp-json\/wp\/v2\/product"}],"about":[{"href":"http:\/\/shinyyoustationery.com\/pl\/wp-json\/wp\/v2\/types\/product"}],"version-history":[{"count":0,"href":"http:\/\/shinyyoustationery.com\/pl\/wp-json\/wp\/v2\/product\/33381\/revisions"}],"wp:featuredmedia":[{"embeddable":true,"href":"http:\/\/shinyyoustationery.com\/pl\/wp-json\/wp\/v2\/media\/33382"}],"wp:attachment":[{"href":"http:\/\/shinyyoustationery.com\/pl\/wp-json\/wp\/v2\/media?parent=33381"}],"wp:term":[{"taxonomy":"product_brand","embeddable":true,"href":"http:\/\/shinyyoustationery.com\/pl\/wp-json\/wp\/v2\/product_brand?post=33381"},{"taxonomy":"product_cat","embeddable":true,"href":"http:\/\/shinyyoustationery.com\/pl\/wp-json\/wp\/v2\/product_cat?post=33381"},{"taxonomy":"product_tag","embeddable":true,"href":"http:\/\/shinyyoustationery.com\/pl\/wp-json\/wp\/v2\/product_tag?post=33381"}],"curies":[{"name":"wp","href":"https:\/\/api.w.org\/{rel}","templated":true}]}}