{"id":33385,"date":"2025-06-24T03:48:31","date_gmt":"2025-06-24T11:48:31","guid":{"rendered":"http:\/\/45.63.70.205\/?post_type=product&#038;p=33385"},"modified":"2025-06-24T03:48:31","modified_gmt":"2025-06-24T11:48:31","slug":"disney-princess-coloring-set-8-pages-with-crayons-and-stickers-for-creative-play","status":"publish","type":"product","link":"http:\/\/shinyyoustationery.com\/pl\/disney-princess-coloring-set-8-pages-with-crayons-and-stickers-for-creative-play\/","title":{"rendered":"Disney Zestaw do kolorowania ksi\u0119\u017cniczek - 8 stron z kredkami i naklejkami do kreatywnej zabawy"},"content":{"rendered":"","protected":false},"excerpt":{"rendered":"<p>Uwolnij swoj\u0105 kreatywno\u015b\u0107 dzi\u0119ki zestawowi do kolorowania Disney Princess! Zestaw zawiera 8 stron do pokolorowania, kredki w r\u00f3\u017cnych kolorach i zabawne naklejki o tematyce ksi\u0119\u017cniczek, przedstawiaj\u0105ce kultowe postacie, takie jak Bella, Kopciuszek i Kr\u00f3lewna \u015anie\u017cka. Idealny dla m\u0142odych artyst\u00f3w, zestaw ten zapewnia godziny rozrywki podczas o\u017cywiania tych ukochanych postaci Disney we w\u0142asnym, niepowtarzalnym stylu.<\/p>","protected":false},"featured_media":33386,"template":"","meta":[],"product_brand":[],"product_cat":[383],"product_tag":[],"class_list":{"0":"post-33385","1":"product","2":"type-product","3":"status-publish","4":"has-post-thumbnail","6":"product_cat-licensed-stationery-supplier","8":"first","9":"instock","10":"shipping-taxable","11":"product-type-simple"},"_links":{"self":[{"href":"http:\/\/shinyyoustationery.com\/pl\/wp-json\/wp\/v2\/product\/33385","targetHints":{"allow":["GET"]}}],"collection":[{"href":"http:\/\/shinyyoustationery.com\/pl\/wp-json\/wp\/v2\/product"}],"about":[{"href":"http:\/\/shinyyoustationery.com\/pl\/wp-json\/wp\/v2\/types\/product"}],"version-history":[{"count":0,"href":"http:\/\/shinyyoustationery.com\/pl\/wp-json\/wp\/v2\/product\/33385\/revisions"}],"wp:featuredmedia":[{"embeddable":true,"href":"http:\/\/shinyyoustationery.com\/pl\/wp-json\/wp\/v2\/media\/33386"}],"wp:attachment":[{"href":"http:\/\/shinyyoustationery.com\/pl\/wp-json\/wp\/v2\/media?parent=33385"}],"wp:term":[{"taxonomy":"product_brand","embeddable":true,"href":"http:\/\/shinyyoustationery.com\/pl\/wp-json\/wp\/v2\/product_brand?post=33385"},{"taxonomy":"product_cat","embeddable":true,"href":"http:\/\/shinyyoustationery.com\/pl\/wp-json\/wp\/v2\/product_cat?post=33385"},{"taxonomy":"product_tag","embeddable":true,"href":"http:\/\/shinyyoustationery.com\/pl\/wp-json\/wp\/v2\/product_tag?post=33385"}],"curies":[{"name":"wp","href":"https:\/\/api.w.org\/{rel}","templated":true}]}}