{"id":33388,"date":"2025-06-24T03:51:34","date_gmt":"2025-06-24T11:51:34","guid":{"rendered":"http:\/\/45.63.70.205\/?post_type=product&#038;p=33388"},"modified":"2025-06-24T03:54:32","modified_gmt":"2025-06-24T11:54:32","slug":"minnie-mouse-unicorn-art-set-coloring-stickers-and-markers-for-creative-play","status":"publish","type":"product","link":"http:\/\/shinyyoustationery.com\/pl\/minnie-mouse-unicorn-art-set-coloring-stickers-and-markers-for-creative-play\/","title":{"rendered":"Zestaw artystyczny Jednoro\u017cec Myszki Minnie - kolorowanki, naklejki i markery do kreatywnej zabawy"},"content":{"rendered":"","protected":false},"excerpt":{"rendered":"<p>O\u017cyw magi\u0119 i kreatywno\u015b\u0107 dzi\u0119ki zestawowi artystycznemu Myszki Minnie z jednoro\u017ccem! Ten zestaw z Myszk\u0105 Minnie i jednoro\u017ccem na kolorowych wzorach zawiera wszystko, czego potrzeba do zabawy i artystycznej zabawy. Dzi\u0119ki arkuszom do kolorowania, \u017cywym markerom i naklejkom o tematyce jednoro\u017cca dzieci mog\u0105 cieszy\u0107 si\u0119 godzinami kreatywnej zabawy. Idealny do szko\u0142y, domu lub jako specjalny prezent dla fan\u00f3w Myszki Minnie, ten zestaw jest idealny do tworzenia pi\u0119knych wzor\u00f3w i dodawania osobistych akcent\u00f3w do ka\u017cdego projektu.<\/p>","protected":false},"featured_media":33392,"template":"","meta":[],"product_brand":[],"product_cat":[383],"product_tag":[],"class_list":{"0":"post-33388","1":"product","2":"type-product","3":"status-publish","4":"has-post-thumbnail","6":"product_cat-licensed-stationery-supplier","8":"first","9":"instock","10":"shipping-taxable","11":"product-type-simple"},"_links":{"self":[{"href":"http:\/\/shinyyoustationery.com\/pl\/wp-json\/wp\/v2\/product\/33388","targetHints":{"allow":["GET"]}}],"collection":[{"href":"http:\/\/shinyyoustationery.com\/pl\/wp-json\/wp\/v2\/product"}],"about":[{"href":"http:\/\/shinyyoustationery.com\/pl\/wp-json\/wp\/v2\/types\/product"}],"version-history":[{"count":0,"href":"http:\/\/shinyyoustationery.com\/pl\/wp-json\/wp\/v2\/product\/33388\/revisions"}],"wp:featuredmedia":[{"embeddable":true,"href":"http:\/\/shinyyoustationery.com\/pl\/wp-json\/wp\/v2\/media\/33392"}],"wp:attachment":[{"href":"http:\/\/shinyyoustationery.com\/pl\/wp-json\/wp\/v2\/media?parent=33388"}],"wp:term":[{"taxonomy":"product_brand","embeddable":true,"href":"http:\/\/shinyyoustationery.com\/pl\/wp-json\/wp\/v2\/product_brand?post=33388"},{"taxonomy":"product_cat","embeddable":true,"href":"http:\/\/shinyyoustationery.com\/pl\/wp-json\/wp\/v2\/product_cat?post=33388"},{"taxonomy":"product_tag","embeddable":true,"href":"http:\/\/shinyyoustationery.com\/pl\/wp-json\/wp\/v2\/product_tag?post=33388"}],"curies":[{"name":"wp","href":"https:\/\/api.w.org\/{rel}","templated":true}]}}