{"id":33395,"date":"2025-06-24T03:57:40","date_gmt":"2025-06-24T11:57:40","guid":{"rendered":"http:\/\/45.63.70.205\/?post_type=product&#038;p=33395"},"modified":"2025-06-24T03:57:40","modified_gmt":"2025-06-24T11:57:40","slug":"minnie-mouse-coloring-set-8-pages-crayons-and-stickers-for-fun-and-creative-play","status":"publish","type":"product","link":"http:\/\/shinyyoustationery.com\/pl\/minnie-mouse-coloring-set-8-pages-crayons-and-stickers-for-fun-and-creative-play\/","title":{"rendered":"Zestaw do kolorowania Myszka Minnie - 8 stron, kredki i naklejki do kreatywnej zabawy"},"content":{"rendered":"","protected":false},"excerpt":{"rendered":"<p>Przygotuj si\u0119 na zabawn\u0105 przygod\u0119 z kolorowaniem z tym zestawem Myszki Minnie! Zestaw zawiera 8 stron do kolorowania z Minnie i jej przyjaci\u00f3\u0142mi oraz 6 \u017cywych kredek i 6 uroczych naklejek, kt\u00f3re wzbogac\u0105 Twoje dzie\u0142a. Zestaw jest idealny dla m\u0142odych artyst\u00f3w, kt\u00f3rzy kochaj\u0105 Myszk\u0119 Minnie i jej stylowe kropki. Czy to w domu, szkole, czy na kreatywnej imprezie, ten zestaw o\u017cywia uroczy \u015bwiat Minnie w \u017cywych kolorach!<\/p>","protected":false},"featured_media":33396,"template":"","meta":[],"product_brand":[],"product_cat":[383],"product_tag":[],"class_list":{"0":"post-33395","1":"product","2":"type-product","3":"status-publish","4":"has-post-thumbnail","6":"product_cat-licensed-stationery-supplier","8":"first","9":"instock","10":"shipping-taxable","11":"product-type-simple"},"_links":{"self":[{"href":"http:\/\/shinyyoustationery.com\/pl\/wp-json\/wp\/v2\/product\/33395","targetHints":{"allow":["GET"]}}],"collection":[{"href":"http:\/\/shinyyoustationery.com\/pl\/wp-json\/wp\/v2\/product"}],"about":[{"href":"http:\/\/shinyyoustationery.com\/pl\/wp-json\/wp\/v2\/types\/product"}],"version-history":[{"count":0,"href":"http:\/\/shinyyoustationery.com\/pl\/wp-json\/wp\/v2\/product\/33395\/revisions"}],"wp:featuredmedia":[{"embeddable":true,"href":"http:\/\/shinyyoustationery.com\/pl\/wp-json\/wp\/v2\/media\/33396"}],"wp:attachment":[{"href":"http:\/\/shinyyoustationery.com\/pl\/wp-json\/wp\/v2\/media?parent=33395"}],"wp:term":[{"taxonomy":"product_brand","embeddable":true,"href":"http:\/\/shinyyoustationery.com\/pl\/wp-json\/wp\/v2\/product_brand?post=33395"},{"taxonomy":"product_cat","embeddable":true,"href":"http:\/\/shinyyoustationery.com\/pl\/wp-json\/wp\/v2\/product_cat?post=33395"},{"taxonomy":"product_tag","embeddable":true,"href":"http:\/\/shinyyoustationery.com\/pl\/wp-json\/wp\/v2\/product_tag?post=33395"}],"curies":[{"name":"wp","href":"https:\/\/api.w.org\/{rel}","templated":true}]}}