{"id":33398,"date":"2025-06-24T04:00:37","date_gmt":"2025-06-24T12:00:37","guid":{"rendered":"http:\/\/45.63.70.205\/?post_type=product&#038;p=33398"},"modified":"2025-06-24T04:00:37","modified_gmt":"2025-06-24T12:00:37","slug":"minnie-mouse-poster-coloring-set-fun-art-kit-with-crayons-stickers-and-giant-poster","status":"publish","type":"product","link":"http:\/\/shinyyoustationery.com\/pl\/minnie-mouse-poster-coloring-set-fun-art-kit-with-crayons-stickers-and-giant-poster\/","title":{"rendered":"Zestaw do kolorowania z plakatem Myszki Minnie - zabawny zestaw artystyczny z kredkami, naklejkami i ogromnym plakatem"},"content":{"rendered":"","protected":false},"excerpt":{"rendered":"<p>Daj si\u0119 ponie\u015b\u0107 kreatywno\u015bci dzi\u0119ki zestawowi do kolorowania z plakatem Myszki Minnie! Ten zestaw zawiera gigantyczny plakat o wymiarach 100\u00d735 cm przedstawiaj\u0105cy Myszk\u0119 Minnie, wraz z 4 \u017cywymi kredkami, super naklejkami i kolorowank\u0105. Idealny dla m\u0142odych artyst\u00f3w, to zabawny spos\u00f3b na udekorowanie przestrzeni i o\u017cywienie \u015bwiata Minnie. Idealny do domu lub szko\u0142y, zestaw ten zapewnia wiele godzin rozrywki, jednocze\u015bnie poprawiaj\u0105c umiej\u0119tno\u015bci motoryczne poprzez kolorowanie i kreatywno\u015b\u0107.<\/p>","protected":false},"featured_media":33400,"template":"","meta":[],"product_brand":[],"product_cat":[383],"product_tag":[],"class_list":{"0":"post-33398","1":"product","2":"type-product","3":"status-publish","4":"has-post-thumbnail","6":"product_cat-licensed-stationery-supplier","8":"first","9":"instock","10":"shipping-taxable","11":"product-type-simple"},"_links":{"self":[{"href":"http:\/\/shinyyoustationery.com\/pl\/wp-json\/wp\/v2\/product\/33398","targetHints":{"allow":["GET"]}}],"collection":[{"href":"http:\/\/shinyyoustationery.com\/pl\/wp-json\/wp\/v2\/product"}],"about":[{"href":"http:\/\/shinyyoustationery.com\/pl\/wp-json\/wp\/v2\/types\/product"}],"version-history":[{"count":0,"href":"http:\/\/shinyyoustationery.com\/pl\/wp-json\/wp\/v2\/product\/33398\/revisions"}],"wp:featuredmedia":[{"embeddable":true,"href":"http:\/\/shinyyoustationery.com\/pl\/wp-json\/wp\/v2\/media\/33400"}],"wp:attachment":[{"href":"http:\/\/shinyyoustationery.com\/pl\/wp-json\/wp\/v2\/media?parent=33398"}],"wp:term":[{"taxonomy":"product_brand","embeddable":true,"href":"http:\/\/shinyyoustationery.com\/pl\/wp-json\/wp\/v2\/product_brand?post=33398"},{"taxonomy":"product_cat","embeddable":true,"href":"http:\/\/shinyyoustationery.com\/pl\/wp-json\/wp\/v2\/product_cat?post=33398"},{"taxonomy":"product_tag","embeddable":true,"href":"http:\/\/shinyyoustationery.com\/pl\/wp-json\/wp\/v2\/product_tag?post=33398"}],"curies":[{"name":"wp","href":"https:\/\/api.w.org\/{rel}","templated":true}]}}