{"id":33402,"date":"2025-06-24T04:03:14","date_gmt":"2025-06-24T12:03:14","guid":{"rendered":"http:\/\/45.63.70.205\/?post_type=product&#038;p=33402"},"modified":"2025-06-24T04:03:14","modified_gmt":"2025-06-24T12:03:14","slug":"mike-wazowski-coin-purse-keychain-fun-green-monster-design-for-keys-coins-and-accessories","status":"publish","type":"product","link":"http:\/\/shinyyoustationery.com\/pl\/mike-wazowski-coin-purse-keychain-fun-green-monster-design-for-keys-coins-and-accessories\/","title":{"rendered":"Brelok do portmonetki Mike Wazowski - zabawny wz\u00f3r zielonego potwora na klucze, monety i akcesoria"},"content":{"rendered":"","protected":false},"excerpt":{"rendered":"<p>Dzi\u0119ki breloczkowi do kluczy w kszta\u0142cie portmonetki Mike'a Wazowskiego Twoje drobiazgi b\u0119d\u0105 \u0142adne i uporz\u0105dkowane! Ta \u017cywa zielona portmonetka z kultowym pojedynczym okiem i szczerbatym u\u015bmiechem Mike'a jest idealna do przechowywania monet, drobnych przedmiot\u00f3w lub kluczy. Do\u0142\u0105czony zielony pasek z napisem \"LUCKY\" dodaje jej dodatkowego uroku, czyni\u0105c z niej zabawny i praktyczny dodatek do torby lub plecaka. Idealny dla fan\u00f3w Disney lub ka\u017cdego, kto szuka zabawnego, funkcjonalnego breloczka.<\/p>","protected":false},"featured_media":33403,"template":"","meta":[],"product_brand":[],"product_cat":[383],"product_tag":[],"class_list":{"0":"post-33402","1":"product","2":"type-product","3":"status-publish","4":"has-post-thumbnail","6":"product_cat-licensed-stationery-supplier","8":"first","9":"instock","10":"shipping-taxable","11":"product-type-simple"},"_links":{"self":[{"href":"http:\/\/shinyyoustationery.com\/pl\/wp-json\/wp\/v2\/product\/33402","targetHints":{"allow":["GET"]}}],"collection":[{"href":"http:\/\/shinyyoustationery.com\/pl\/wp-json\/wp\/v2\/product"}],"about":[{"href":"http:\/\/shinyyoustationery.com\/pl\/wp-json\/wp\/v2\/types\/product"}],"version-history":[{"count":0,"href":"http:\/\/shinyyoustationery.com\/pl\/wp-json\/wp\/v2\/product\/33402\/revisions"}],"wp:featuredmedia":[{"embeddable":true,"href":"http:\/\/shinyyoustationery.com\/pl\/wp-json\/wp\/v2\/media\/33403"}],"wp:attachment":[{"href":"http:\/\/shinyyoustationery.com\/pl\/wp-json\/wp\/v2\/media?parent=33402"}],"wp:term":[{"taxonomy":"product_brand","embeddable":true,"href":"http:\/\/shinyyoustationery.com\/pl\/wp-json\/wp\/v2\/product_brand?post=33402"},{"taxonomy":"product_cat","embeddable":true,"href":"http:\/\/shinyyoustationery.com\/pl\/wp-json\/wp\/v2\/product_cat?post=33402"},{"taxonomy":"product_tag","embeddable":true,"href":"http:\/\/shinyyoustationery.com\/pl\/wp-json\/wp\/v2\/product_tag?post=33402"}],"curies":[{"name":"wp","href":"https:\/\/api.w.org\/{rel}","templated":true}]}}