{"id":33419,"date":"2025-06-24T18:45:03","date_gmt":"2025-06-25T02:45:03","guid":{"rendered":"http:\/\/45.63.70.205\/?post_type=product&#038;p=33419"},"modified":"2025-06-24T18:45:03","modified_gmt":"2025-06-25T02:45:03","slug":"dreamworks-trolls-party-all-stars-activity-book-with-markers-stencils-stickers","status":"publish","type":"product","link":"http:\/\/shinyyoustationery.com\/pl\/dreamworks-trolls-party-all-stars-activity-book-with-markers-stencils-stickers\/","title":{"rendered":"DreamWorks Trolls Party All-Stars Zeszyt \u0107wicze\u0144 z markerami, szablonami i naklejkami"},"content":{"rendered":"","protected":false},"excerpt":{"rendered":"<p>B\u0105d\u017a kreatywny z <strong data-start=\"195\" data-end=\"246\">DreamWorks Trolls Party All-Stars Zeszyt \u0107wicze\u0144<\/strong>! Ten 75-stronicowy zeszyt \u0107wicze\u0144, pe\u0142en kolor\u00f3w i zabawy, zawiera ulubione postacie Trolli z uniwersum DreamWorks. Zawiera 3 markery, kt\u00f3re mo\u017cna uk\u0142ada\u0107 jeden na drugim, zabawne szablony i arkusz naklejek, aby spersonalizowa\u0107 swoje dzie\u0142a. Idealna dla m\u0142odych artyst\u00f3w i fan\u00f3w Trolls, ta ksi\u0105\u017cka oferuje godziny wci\u0105gaj\u0105cej rozrywki w domu lub w podr\u00f3\u017cy. Niech rozpocznie si\u0119 zabawa z Trollami - koloruj, projektuj i \u015bwi\u0119tuj z ka\u017cd\u0105 stron\u0105!<\/p>","protected":false},"featured_media":33421,"template":"","meta":[],"product_brand":[],"product_cat":[383],"product_tag":[],"class_list":{"0":"post-33419","1":"product","2":"type-product","3":"status-publish","4":"has-post-thumbnail","6":"product_cat-licensed-stationery-supplier","8":"first","9":"instock","10":"shipping-taxable","11":"product-type-simple"},"_links":{"self":[{"href":"http:\/\/shinyyoustationery.com\/pl\/wp-json\/wp\/v2\/product\/33419","targetHints":{"allow":["GET"]}}],"collection":[{"href":"http:\/\/shinyyoustationery.com\/pl\/wp-json\/wp\/v2\/product"}],"about":[{"href":"http:\/\/shinyyoustationery.com\/pl\/wp-json\/wp\/v2\/types\/product"}],"version-history":[{"count":0,"href":"http:\/\/shinyyoustationery.com\/pl\/wp-json\/wp\/v2\/product\/33419\/revisions"}],"wp:featuredmedia":[{"embeddable":true,"href":"http:\/\/shinyyoustationery.com\/pl\/wp-json\/wp\/v2\/media\/33421"}],"wp:attachment":[{"href":"http:\/\/shinyyoustationery.com\/pl\/wp-json\/wp\/v2\/media?parent=33419"}],"wp:term":[{"taxonomy":"product_brand","embeddable":true,"href":"http:\/\/shinyyoustationery.com\/pl\/wp-json\/wp\/v2\/product_brand?post=33419"},{"taxonomy":"product_cat","embeddable":true,"href":"http:\/\/shinyyoustationery.com\/pl\/wp-json\/wp\/v2\/product_cat?post=33419"},{"taxonomy":"product_tag","embeddable":true,"href":"http:\/\/shinyyoustationery.com\/pl\/wp-json\/wp\/v2\/product_tag?post=33419"}],"curies":[{"name":"wp","href":"https:\/\/api.w.org\/{rel}","templated":true}]}}