{"id":33423,"date":"2025-06-24T19:06:04","date_gmt":"2025-06-25T03:06:04","guid":{"rendered":"http:\/\/45.63.70.205\/?post_type=product&#038;p=33423"},"modified":"2025-06-24T19:09:45","modified_gmt":"2025-06-25T03:09:45","slug":"spider-man-coloring-set-for-kids-sheets-crayons-stickers","status":"publish","type":"product","link":"http:\/\/shinyyoustationery.com\/pl\/spider-man-coloring-set-for-kids-sheets-crayons-stickers\/","title":{"rendered":"Zestaw do kolorowania Spider-Man dla dzieci - arkusze, kredki i naklejki"},"content":{"rendered":"","protected":false},"excerpt":{"rendered":"<p>Zanurz si\u0119 w \u015bwiecie Spider-Mana dzi\u0119ki temu zabawnemu zestawowi do kolorowania! Idealny dla m\u0142odych artyst\u00f3w, zawiera 8 arkuszy przedstawiaj\u0105cych Spider-Mana i jego kultowe pozy, wraz z 6 \u017cywymi kredkami, aby o\u017cywi\u0107 swoje dzie\u0142a. Ponadto zestaw zawiera 6 naklejek tematycznych dla dodatkowej dekoracji. Idealny do kreatywnej zabawy dla fan\u00f3w Spider-Mana!<\/p>","protected":false},"featured_media":33424,"template":"","meta":[],"product_brand":[],"product_cat":[383],"product_tag":[],"class_list":{"0":"post-33423","1":"product","2":"type-product","3":"status-publish","4":"has-post-thumbnail","6":"product_cat-licensed-stationery-supplier","8":"first","9":"instock","10":"shipping-taxable","11":"product-type-simple"},"_links":{"self":[{"href":"http:\/\/shinyyoustationery.com\/pl\/wp-json\/wp\/v2\/product\/33423","targetHints":{"allow":["GET"]}}],"collection":[{"href":"http:\/\/shinyyoustationery.com\/pl\/wp-json\/wp\/v2\/product"}],"about":[{"href":"http:\/\/shinyyoustationery.com\/pl\/wp-json\/wp\/v2\/types\/product"}],"version-history":[{"count":0,"href":"http:\/\/shinyyoustationery.com\/pl\/wp-json\/wp\/v2\/product\/33423\/revisions"}],"wp:featuredmedia":[{"embeddable":true,"href":"http:\/\/shinyyoustationery.com\/pl\/wp-json\/wp\/v2\/media\/33424"}],"wp:attachment":[{"href":"http:\/\/shinyyoustationery.com\/pl\/wp-json\/wp\/v2\/media?parent=33423"}],"wp:term":[{"taxonomy":"product_brand","embeddable":true,"href":"http:\/\/shinyyoustationery.com\/pl\/wp-json\/wp\/v2\/product_brand?post=33423"},{"taxonomy":"product_cat","embeddable":true,"href":"http:\/\/shinyyoustationery.com\/pl\/wp-json\/wp\/v2\/product_cat?post=33423"},{"taxonomy":"product_tag","embeddable":true,"href":"http:\/\/shinyyoustationery.com\/pl\/wp-json\/wp\/v2\/product_tag?post=33423"}],"curies":[{"name":"wp","href":"https:\/\/api.w.org\/{rel}","templated":true}]}}