{"id":33426,"date":"2025-06-24T19:08:54","date_gmt":"2025-06-25T03:08:54","guid":{"rendered":"http:\/\/45.63.70.205\/?post_type=product&#038;p=33426"},"modified":"2025-06-24T19:10:35","modified_gmt":"2025-06-25T03:10:35","slug":"avengers-thanos-coloring-set-for-kids-sheets-crayons-stickers","status":"publish","type":"product","link":"http:\/\/shinyyoustationery.com\/pl\/avengers-thanos-coloring-set-for-kids-sheets-crayons-stickers\/","title":{"rendered":"Zestaw do kolorowania dla dzieci Avengers Thanos - arkusze, kredki i naklejki"},"content":{"rendered":"","protected":false},"excerpt":{"rendered":"<p>Uwolnij kreatywno\u015b\u0107 z tym zestawem do kolorowania o tematyce Avengers, przedstawiaj\u0105cym pot\u0119\u017cnego Thanosa! Zestaw zawiera 8 stron do kolorowania z efektownymi wizerunkami Thanosa oraz 6 \u017cywych kredek do pokolorowania pot\u0119\u017cnego z\u0142oczy\u0144cy. Dodatkowo w zestawie znajduje si\u0119 6 fajnych naklejek Avengers, idealnych do ozdabiania prac. Pozycja obowi\u0105zkowa dla ka\u017cdego fana Avengers!<\/p>","protected":false},"featured_media":33429,"template":"","meta":[],"product_brand":[],"product_cat":[383],"product_tag":[],"class_list":{"0":"post-33426","1":"product","2":"type-product","3":"status-publish","4":"has-post-thumbnail","6":"product_cat-licensed-stationery-supplier","8":"first","9":"instock","10":"shipping-taxable","11":"product-type-simple"},"_links":{"self":[{"href":"http:\/\/shinyyoustationery.com\/pl\/wp-json\/wp\/v2\/product\/33426","targetHints":{"allow":["GET"]}}],"collection":[{"href":"http:\/\/shinyyoustationery.com\/pl\/wp-json\/wp\/v2\/product"}],"about":[{"href":"http:\/\/shinyyoustationery.com\/pl\/wp-json\/wp\/v2\/types\/product"}],"version-history":[{"count":0,"href":"http:\/\/shinyyoustationery.com\/pl\/wp-json\/wp\/v2\/product\/33426\/revisions"}],"wp:featuredmedia":[{"embeddable":true,"href":"http:\/\/shinyyoustationery.com\/pl\/wp-json\/wp\/v2\/media\/33429"}],"wp:attachment":[{"href":"http:\/\/shinyyoustationery.com\/pl\/wp-json\/wp\/v2\/media?parent=33426"}],"wp:term":[{"taxonomy":"product_brand","embeddable":true,"href":"http:\/\/shinyyoustationery.com\/pl\/wp-json\/wp\/v2\/product_brand?post=33426"},{"taxonomy":"product_cat","embeddable":true,"href":"http:\/\/shinyyoustationery.com\/pl\/wp-json\/wp\/v2\/product_cat?post=33426"},{"taxonomy":"product_tag","embeddable":true,"href":"http:\/\/shinyyoustationery.com\/pl\/wp-json\/wp\/v2\/product_tag?post=33426"}],"curies":[{"name":"wp","href":"https:\/\/api.w.org\/{rel}","templated":true}]}}