{"id":33434,"date":"2025-06-24T19:20:48","date_gmt":"2025-06-25T03:20:48","guid":{"rendered":"http:\/\/45.63.70.205\/?post_type=product&#038;p=33434"},"modified":"2025-06-24T19:24:18","modified_gmt":"2025-06-25T03:24:18","slug":"my-little-pony-pencil-eraser-topper-set-3-pencils-with-character-toppers","status":"publish","type":"product","link":"http:\/\/shinyyoustationery.com\/pl\/my-little-pony-pencil-eraser-topper-set-3-pencils-with-character-toppers\/","title":{"rendered":"Zestaw o\u0142\u00f3wk\u00f3w i gumek My Little Pony - 3 o\u0142\u00f3wki z nak\u0142adkami z postaciami"},"content":{"rendered":"","protected":false},"excerpt":{"rendered":"<p>Dodaj magiczny akcent do swojej papeterii dzi\u0119ki zestawowi o\u0142\u00f3wk\u00f3w i gumek My Little Pony! Kolorowe o\u0142\u00f3wki z gumkami w kszta\u0142cie Rainbow Dash, Twilight Sparkle i Pinkie Pie to idealny zestaw dla m\u0142odych fan\u00f3w serialu. Idealne do szko\u0142y lub kreatywnych projekt\u00f3w, te zabawne i \u017cywe o\u0142\u00f3wki sprawiaj\u0105, \u017ce pisanie i wymazywanie jest wyj\u0105tkowe!<\/p>","protected":false},"featured_media":33435,"template":"","meta":[],"product_brand":[],"product_cat":[383],"product_tag":[],"class_list":{"0":"post-33434","1":"product","2":"type-product","3":"status-publish","4":"has-post-thumbnail","6":"product_cat-licensed-stationery-supplier","8":"first","9":"instock","10":"shipping-taxable","11":"product-type-simple"},"_links":{"self":[{"href":"http:\/\/shinyyoustationery.com\/pl\/wp-json\/wp\/v2\/product\/33434","targetHints":{"allow":["GET"]}}],"collection":[{"href":"http:\/\/shinyyoustationery.com\/pl\/wp-json\/wp\/v2\/product"}],"about":[{"href":"http:\/\/shinyyoustationery.com\/pl\/wp-json\/wp\/v2\/types\/product"}],"version-history":[{"count":0,"href":"http:\/\/shinyyoustationery.com\/pl\/wp-json\/wp\/v2\/product\/33434\/revisions"}],"wp:featuredmedia":[{"embeddable":true,"href":"http:\/\/shinyyoustationery.com\/pl\/wp-json\/wp\/v2\/media\/33435"}],"wp:attachment":[{"href":"http:\/\/shinyyoustationery.com\/pl\/wp-json\/wp\/v2\/media?parent=33434"}],"wp:term":[{"taxonomy":"product_brand","embeddable":true,"href":"http:\/\/shinyyoustationery.com\/pl\/wp-json\/wp\/v2\/product_brand?post=33434"},{"taxonomy":"product_cat","embeddable":true,"href":"http:\/\/shinyyoustationery.com\/pl\/wp-json\/wp\/v2\/product_cat?post=33434"},{"taxonomy":"product_tag","embeddable":true,"href":"http:\/\/shinyyoustationery.com\/pl\/wp-json\/wp\/v2\/product_tag?post=33434"}],"curies":[{"name":"wp","href":"https:\/\/api.w.org\/{rel}","templated":true}]}}