{"id":33437,"date":"2025-06-24T19:23:47","date_gmt":"2025-06-25T03:23:47","guid":{"rendered":"http:\/\/45.63.70.205\/?post_type=product&#038;p=33437"},"modified":"2025-06-24T19:23:47","modified_gmt":"2025-06-25T03:23:47","slug":"my-little-pony-pencil-sharpener-set-4-pencils-4-eraser-toppers-and-sharpener","status":"publish","type":"product","link":"http:\/\/shinyyoustationery.com\/pl\/my-little-pony-pencil-sharpener-set-4-pencils-4-eraser-toppers-and-sharpener\/","title":{"rendered":"Zestaw temper\u00f3wek My Little Pony - 4 o\u0142\u00f3wki, 4 gumki i temper\u00f3wka"},"content":{"rendered":"","protected":false},"excerpt":{"rendered":"<p>Ten czaruj\u0105cy zestaw temper\u00f3wek My Little Pony to po\u0142\u0105czenie zabawy i funkcjonalno\u015bci! Zestaw zawiera 4 pachn\u0105ce o\u0142\u00f3wki HB, ka\u017cdy z kolorowymi gumkami w kszta\u0142cie kucyk\u00f3w oraz urocz\u0105 temper\u00f3wk\u0119 z uroczymi kucykami. Idealny do szko\u0142y lub kreatywnych zaj\u0119\u0107, ten zestaw dodaje odrobin\u0119 magii do ka\u017cdego zadania zwi\u0105zanego z pisaniem!<\/p>","protected":false},"featured_media":33438,"template":"","meta":[],"product_brand":[],"product_cat":[383],"product_tag":[],"class_list":{"0":"post-33437","1":"product","2":"type-product","3":"status-publish","4":"has-post-thumbnail","6":"product_cat-licensed-stationery-supplier","8":"first","9":"instock","10":"shipping-taxable","11":"product-type-simple"},"_links":{"self":[{"href":"http:\/\/shinyyoustationery.com\/pl\/wp-json\/wp\/v2\/product\/33437","targetHints":{"allow":["GET"]}}],"collection":[{"href":"http:\/\/shinyyoustationery.com\/pl\/wp-json\/wp\/v2\/product"}],"about":[{"href":"http:\/\/shinyyoustationery.com\/pl\/wp-json\/wp\/v2\/types\/product"}],"version-history":[{"count":0,"href":"http:\/\/shinyyoustationery.com\/pl\/wp-json\/wp\/v2\/product\/33437\/revisions"}],"wp:featuredmedia":[{"embeddable":true,"href":"http:\/\/shinyyoustationery.com\/pl\/wp-json\/wp\/v2\/media\/33438"}],"wp:attachment":[{"href":"http:\/\/shinyyoustationery.com\/pl\/wp-json\/wp\/v2\/media?parent=33437"}],"wp:term":[{"taxonomy":"product_brand","embeddable":true,"href":"http:\/\/shinyyoustationery.com\/pl\/wp-json\/wp\/v2\/product_brand?post=33437"},{"taxonomy":"product_cat","embeddable":true,"href":"http:\/\/shinyyoustationery.com\/pl\/wp-json\/wp\/v2\/product_cat?post=33437"},{"taxonomy":"product_tag","embeddable":true,"href":"http:\/\/shinyyoustationery.com\/pl\/wp-json\/wp\/v2\/product_tag?post=33437"}],"curies":[{"name":"wp","href":"https:\/\/api.w.org\/{rel}","templated":true}]}}