{"id":33441,"date":"2025-06-24T19:27:00","date_gmt":"2025-06-25T03:27:00","guid":{"rendered":"http:\/\/45.63.70.205\/?post_type=product&#038;p=33441"},"modified":"2025-06-24T19:27:00","modified_gmt":"2025-06-25T03:27:00","slug":"my-little-pony-stamp-colour-activity-tin-3-stamps-8-glitter-pencils-and-sketchpad","status":"publish","type":"product","link":"http:\/\/shinyyoustationery.com\/pl\/my-little-pony-stamp-colour-activity-tin-3-stamps-8-glitter-pencils-and-sketchpad\/","title":{"rendered":"Puszka ze stempelkami i kolorowankami My Little Pony - 3 stempelki, 8 brokatowych kredek i szkicownik"},"content":{"rendered":"","protected":false},"excerpt":{"rendered":"<p>O\u017cyw magi\u0119 i kreatywno\u015b\u0107 dzi\u0119ki zestawowi My Little Pony Stamp &amp; Colour Activity Tin! Zestaw zawiera 3 gumowe stemple, t\u0119czow\u0105 poduszk\u0119 z tuszem, 8 brokatowych kredek i szkicownik, idealne na wiele godzin zabawy. Stw\u00f3rz w\u0142asne przygody kucyk\u00f3w za pomoc\u0105 kolorowych kredek i dodaj specjalne akcenty za pomoc\u0105 uroczych stempli. Idealny dla m\u0142odych artyst\u00f3w i fan\u00f3w My Little Pony!<\/p>","protected":false},"featured_media":33442,"template":"","meta":[],"product_brand":[],"product_cat":[383],"product_tag":[],"class_list":{"0":"post-33441","1":"product","2":"type-product","3":"status-publish","4":"has-post-thumbnail","6":"product_cat-licensed-stationery-supplier","8":"first","9":"instock","10":"shipping-taxable","11":"product-type-simple"},"_links":{"self":[{"href":"http:\/\/shinyyoustationery.com\/pl\/wp-json\/wp\/v2\/product\/33441","targetHints":{"allow":["GET"]}}],"collection":[{"href":"http:\/\/shinyyoustationery.com\/pl\/wp-json\/wp\/v2\/product"}],"about":[{"href":"http:\/\/shinyyoustationery.com\/pl\/wp-json\/wp\/v2\/types\/product"}],"version-history":[{"count":0,"href":"http:\/\/shinyyoustationery.com\/pl\/wp-json\/wp\/v2\/product\/33441\/revisions"}],"wp:featuredmedia":[{"embeddable":true,"href":"http:\/\/shinyyoustationery.com\/pl\/wp-json\/wp\/v2\/media\/33442"}],"wp:attachment":[{"href":"http:\/\/shinyyoustationery.com\/pl\/wp-json\/wp\/v2\/media?parent=33441"}],"wp:term":[{"taxonomy":"product_brand","embeddable":true,"href":"http:\/\/shinyyoustationery.com\/pl\/wp-json\/wp\/v2\/product_brand?post=33441"},{"taxonomy":"product_cat","embeddable":true,"href":"http:\/\/shinyyoustationery.com\/pl\/wp-json\/wp\/v2\/product_cat?post=33441"},{"taxonomy":"product_tag","embeddable":true,"href":"http:\/\/shinyyoustationery.com\/pl\/wp-json\/wp\/v2\/product_tag?post=33441"}],"curies":[{"name":"wp","href":"https:\/\/api.w.org\/{rel}","templated":true}]}}