{"id":33452,"date":"2025-06-24T21:12:37","date_gmt":"2025-06-25T05:12:37","guid":{"rendered":"http:\/\/45.63.70.205\/?post_type=product&#038;p=33452"},"modified":"2025-06-24T21:12:37","modified_gmt":"2025-06-25T05:12:37","slug":"my-little-pony-twilight-sparkle-note-set-light-up-pen-scented-ink-notepad","status":"publish","type":"product","link":"http:\/\/shinyyoustationery.com\/pl\/my-little-pony-twilight-sparkle-note-set-light-up-pen-scented-ink-notepad\/","title":{"rendered":"Zestaw do notatek My Little Pony Twilight Sparkle - pod\u015bwietlany d\u0142ugopis, zapachowy atrament i notatnik"},"content":{"rendered":"","protected":false},"excerpt":{"rendered":"<p>Zestaw do notatek My Little Pony Twilight Sparkle wnosi magi\u0119 do pisania! Ten zestaw zawiera \u015bwiec\u0105ce pi\u00f3ro z pachn\u0105cym tuszem, notatnik w kszta\u0142cie gwiazdy i zabawne akcesoria, a wszystko to z ukochan\u0105 postaci\u0105 Twilight Sparkle. Idealny do prowadzenia dziennika, rysowania lub robienia notatek, dodaje magicznego akcentu do ka\u017cdej kreatywnej aktywno\u015bci! Idealny dla m\u0142odych fan\u00f3w serialu.<\/p>","protected":false},"featured_media":33453,"template":"","meta":[],"product_brand":[],"product_cat":[383],"product_tag":[],"class_list":{"0":"post-33452","1":"product","2":"type-product","3":"status-publish","4":"has-post-thumbnail","6":"product_cat-licensed-stationery-supplier","8":"first","9":"instock","10":"shipping-taxable","11":"product-type-simple"},"_links":{"self":[{"href":"http:\/\/shinyyoustationery.com\/pl\/wp-json\/wp\/v2\/product\/33452","targetHints":{"allow":["GET"]}}],"collection":[{"href":"http:\/\/shinyyoustationery.com\/pl\/wp-json\/wp\/v2\/product"}],"about":[{"href":"http:\/\/shinyyoustationery.com\/pl\/wp-json\/wp\/v2\/types\/product"}],"version-history":[{"count":0,"href":"http:\/\/shinyyoustationery.com\/pl\/wp-json\/wp\/v2\/product\/33452\/revisions"}],"wp:featuredmedia":[{"embeddable":true,"href":"http:\/\/shinyyoustationery.com\/pl\/wp-json\/wp\/v2\/media\/33453"}],"wp:attachment":[{"href":"http:\/\/shinyyoustationery.com\/pl\/wp-json\/wp\/v2\/media?parent=33452"}],"wp:term":[{"taxonomy":"product_brand","embeddable":true,"href":"http:\/\/shinyyoustationery.com\/pl\/wp-json\/wp\/v2\/product_brand?post=33452"},{"taxonomy":"product_cat","embeddable":true,"href":"http:\/\/shinyyoustationery.com\/pl\/wp-json\/wp\/v2\/product_cat?post=33452"},{"taxonomy":"product_tag","embeddable":true,"href":"http:\/\/shinyyoustationery.com\/pl\/wp-json\/wp\/v2\/product_tag?post=33452"}],"curies":[{"name":"wp","href":"https:\/\/api.w.org\/{rel}","templated":true}]}}