{"id":33456,"date":"2025-06-24T21:18:00","date_gmt":"2025-06-25T05:18:00","guid":{"rendered":"http:\/\/45.63.70.205\/?post_type=product&#038;p=33456"},"modified":"2025-06-24T21:18:00","modified_gmt":"2025-06-25T05:18:00","slug":"my-little-pony-pinkie-pie-scented-coloring-set-rainbow-pouch-with-stickers-accessories","status":"publish","type":"product","link":"http:\/\/shinyyoustationery.com\/pl\/my-little-pony-pinkie-pie-scented-coloring-set-rainbow-pouch-with-stickers-accessories\/","title":{"rendered":"Pachn\u0105cy zestaw do kolorowania My Little Pony Pinkie Pie - t\u0119czowe etui z naklejkami i akcesoriami"},"content":{"rendered":"","protected":false},"excerpt":{"rendered":"<p>Pobud\u017a kreatywno\u015b\u0107 z pachn\u0105cym zestawem do kolorowania My Little Pony Pinkie Pie! Ten uroczy zestaw znajduje si\u0119 w r\u00f3\u017cowym, t\u0119czowym woreczku z Pinkie Pie. Zawiera pachn\u0105ce kolorowanki, zabawne naklejki i przywieszk\u0119 \"pow\u0105chaj mnie\" dla dodatkowej ekscytacji. Idealny dla fan\u00f3w Pinkie Pie, idealny dla m\u0142odych artyst\u00f3w, kt\u00f3rzy kochaj\u0105 \u017cywe kolory i magiczn\u0105 zabaw\u0119!<\/p>","protected":false},"featured_media":33457,"template":"","meta":[],"product_brand":[],"product_cat":[383],"product_tag":[],"class_list":{"0":"post-33456","1":"product","2":"type-product","3":"status-publish","4":"has-post-thumbnail","6":"product_cat-licensed-stationery-supplier","8":"first","9":"instock","10":"shipping-taxable","11":"product-type-simple"},"_links":{"self":[{"href":"http:\/\/shinyyoustationery.com\/pl\/wp-json\/wp\/v2\/product\/33456","targetHints":{"allow":["GET"]}}],"collection":[{"href":"http:\/\/shinyyoustationery.com\/pl\/wp-json\/wp\/v2\/product"}],"about":[{"href":"http:\/\/shinyyoustationery.com\/pl\/wp-json\/wp\/v2\/types\/product"}],"version-history":[{"count":0,"href":"http:\/\/shinyyoustationery.com\/pl\/wp-json\/wp\/v2\/product\/33456\/revisions"}],"wp:featuredmedia":[{"embeddable":true,"href":"http:\/\/shinyyoustationery.com\/pl\/wp-json\/wp\/v2\/media\/33457"}],"wp:attachment":[{"href":"http:\/\/shinyyoustationery.com\/pl\/wp-json\/wp\/v2\/media?parent=33456"}],"wp:term":[{"taxonomy":"product_brand","embeddable":true,"href":"http:\/\/shinyyoustationery.com\/pl\/wp-json\/wp\/v2\/product_brand?post=33456"},{"taxonomy":"product_cat","embeddable":true,"href":"http:\/\/shinyyoustationery.com\/pl\/wp-json\/wp\/v2\/product_cat?post=33456"},{"taxonomy":"product_tag","embeddable":true,"href":"http:\/\/shinyyoustationery.com\/pl\/wp-json\/wp\/v2\/product_tag?post=33456"}],"curies":[{"name":"wp","href":"https:\/\/api.w.org\/{rel}","templated":true}]}}