{"id":33461,"date":"2025-06-24T21:20:19","date_gmt":"2025-06-25T05:20:19","guid":{"rendered":"http:\/\/45.63.70.205\/?post_type=product&#038;p=33461"},"modified":"2025-06-24T21:35:25","modified_gmt":"2025-06-25T05:35:25","slug":"my-little-pony-pinkie-pie-stackable-coloring-pen-magic-color-changer-with-scented-ink","status":"publish","type":"product","link":"http:\/\/shinyyoustationery.com\/pl\/my-little-pony-pinkie-pie-stackable-coloring-pen-magic-color-changer-with-scented-ink\/","title":{"rendered":"Pi\u00f3ro do kolorowania My Little Pony Pinkie Pie - Magic Color Changer z tuszem zapachowym"},"content":{"rendered":"","protected":false},"excerpt":{"rendered":"<p>Wnie\u015b kolorow\u0105 magi\u0119 do swojej tw\u00f3rczo\u015bci dzi\u0119ki kolorowance My Little Pony Pinkie Pie! To zabawne pi\u00f3ro ma unikaln\u0105 konstrukcj\u0119, kt\u00f3r\u0105 mo\u017cna uk\u0142ada\u0107 w stos, z wieloma \u017cywymi kolorami i pachn\u0105cym tuszem. Dzi\u0119ki magicznemu zmieniaczowi kolor\u00f3w i gumce jest idealny do kreatywnych projekt\u00f3w i dodawania specjalnego akcentu do rysunk\u00f3w. Idealny dla fan\u00f3w Pinkie Pie i My Little Pony!<\/p>","protected":false},"featured_media":33466,"template":"","meta":[],"product_brand":[],"product_cat":[383],"product_tag":[],"class_list":{"0":"post-33461","1":"product","2":"type-product","3":"status-publish","4":"has-post-thumbnail","6":"product_cat-licensed-stationery-supplier","8":"first","9":"instock","10":"shipping-taxable","11":"product-type-simple"},"_links":{"self":[{"href":"http:\/\/shinyyoustationery.com\/pl\/wp-json\/wp\/v2\/product\/33461","targetHints":{"allow":["GET"]}}],"collection":[{"href":"http:\/\/shinyyoustationery.com\/pl\/wp-json\/wp\/v2\/product"}],"about":[{"href":"http:\/\/shinyyoustationery.com\/pl\/wp-json\/wp\/v2\/types\/product"}],"version-history":[{"count":0,"href":"http:\/\/shinyyoustationery.com\/pl\/wp-json\/wp\/v2\/product\/33461\/revisions"}],"wp:featuredmedia":[{"embeddable":true,"href":"http:\/\/shinyyoustationery.com\/pl\/wp-json\/wp\/v2\/media\/33466"}],"wp:attachment":[{"href":"http:\/\/shinyyoustationery.com\/pl\/wp-json\/wp\/v2\/media?parent=33461"}],"wp:term":[{"taxonomy":"product_brand","embeddable":true,"href":"http:\/\/shinyyoustationery.com\/pl\/wp-json\/wp\/v2\/product_brand?post=33461"},{"taxonomy":"product_cat","embeddable":true,"href":"http:\/\/shinyyoustationery.com\/pl\/wp-json\/wp\/v2\/product_cat?post=33461"},{"taxonomy":"product_tag","embeddable":true,"href":"http:\/\/shinyyoustationery.com\/pl\/wp-json\/wp\/v2\/product_tag?post=33461"}],"curies":[{"name":"wp","href":"https:\/\/api.w.org\/{rel}","templated":true}]}}