{"id":33463,"date":"2025-06-24T21:40:31","date_gmt":"2025-06-25T05:40:31","guid":{"rendered":"http:\/\/45.63.70.205\/?post_type=product&#038;p=33463"},"modified":"2025-06-24T21:40:31","modified_gmt":"2025-06-25T05:40:31","slug":"my-little-pony-pinkie-pie-rainbow-activity-set-stickers-rainbow-pen-and-glitter-sketchbook","status":"publish","type":"product","link":"http:\/\/shinyyoustationery.com\/pl\/my-little-pony-pinkie-pie-rainbow-activity-set-stickers-rainbow-pen-and-glitter-sketchbook\/","title":{"rendered":"T\u0119czowy zestaw aktywno\u015bci My Little Pony Pinkie Pie - naklejki, t\u0119czowy d\u0142ugopis i brokatowy szkicownik"},"content":{"rendered":"","protected":false},"excerpt":{"rendered":"<p>Uwolnij swoj\u0105 kreatywno\u015b\u0107 z zestawem My Little Pony Pinkie Pie Rainbow Activity Set! Ten zabawny zestaw zawiera b\u0142yszcz\u0105cy szkicownik w kszta\u0142cie t\u0119czy, pi\u00f3ro w pastelowych kolorach i kolorowe naklejki Pinkie Pie. Idealny dla m\u0142odych artyst\u00f3w, kt\u00f3rzy kochaj\u0105 My Little Pony, \u015bwietnie nadaje si\u0119 do rysowania, kolorowania i dekorowania z magicznym, kolorowym akcentem!<\/p>","protected":false},"featured_media":33467,"template":"","meta":[],"product_brand":[],"product_cat":[383],"product_tag":[],"class_list":{"0":"post-33463","1":"product","2":"type-product","3":"status-publish","4":"has-post-thumbnail","6":"product_cat-licensed-stationery-supplier","8":"first","9":"instock","10":"shipping-taxable","11":"product-type-simple"},"_links":{"self":[{"href":"http:\/\/shinyyoustationery.com\/pl\/wp-json\/wp\/v2\/product\/33463","targetHints":{"allow":["GET"]}}],"collection":[{"href":"http:\/\/shinyyoustationery.com\/pl\/wp-json\/wp\/v2\/product"}],"about":[{"href":"http:\/\/shinyyoustationery.com\/pl\/wp-json\/wp\/v2\/types\/product"}],"version-history":[{"count":0,"href":"http:\/\/shinyyoustationery.com\/pl\/wp-json\/wp\/v2\/product\/33463\/revisions"}],"wp:featuredmedia":[{"embeddable":true,"href":"http:\/\/shinyyoustationery.com\/pl\/wp-json\/wp\/v2\/media\/33467"}],"wp:attachment":[{"href":"http:\/\/shinyyoustationery.com\/pl\/wp-json\/wp\/v2\/media?parent=33463"}],"wp:term":[{"taxonomy":"product_brand","embeddable":true,"href":"http:\/\/shinyyoustationery.com\/pl\/wp-json\/wp\/v2\/product_brand?post=33463"},{"taxonomy":"product_cat","embeddable":true,"href":"http:\/\/shinyyoustationery.com\/pl\/wp-json\/wp\/v2\/product_cat?post=33463"},{"taxonomy":"product_tag","embeddable":true,"href":"http:\/\/shinyyoustationery.com\/pl\/wp-json\/wp\/v2\/product_tag?post=33463"}],"curies":[{"name":"wp","href":"https:\/\/api.w.org\/{rel}","templated":true}]}}