{"id":33469,"date":"2025-06-24T21:55:20","date_gmt":"2025-06-25T05:55:20","guid":{"rendered":"http:\/\/45.63.70.205\/?post_type=product&#038;p=33469"},"modified":"2025-06-24T21:56:17","modified_gmt":"2025-06-25T05:56:17","slug":"my-little-pony-pinkie-pie-pink-faux-leather-notebook","status":"publish","type":"product","link":"http:\/\/shinyyoustationery.com\/pl\/my-little-pony-pinkie-pie-pink-faux-leather-notebook\/","title":{"rendered":"R\u00f3\u017cowy notatnik ze sztucznej sk\u00f3ry My Little Pony Pinkie Pie"},"content":{"rendered":"","protected":false},"excerpt":{"rendered":"<p>Ten uroczy notatnik My Little Pony Pinkie Pie to idealne akcesorium dla fan\u00f3w kultowego kucyka! Ten stylowy notatnik z zachwycaj\u0105c\u0105 r\u00f3\u017cow\u0105 ok\u0142adk\u0105 ze sztucznej sk\u00f3ry ze z\u0142otym konturem Pinkie Pie jest idealny do zapisywania notatek, szkicowania lub prowadzenia dziennika. Jego przyci\u0105gaj\u0105cy wzrok design sprawia, \u017ce jest to \u015bwietny prezent dla ka\u017cdego, kto kocha My Little Pony i chce doda\u0107 odrobin\u0119 magii do swojej kolekcji artyku\u0142\u00f3w pi\u015bmiennych!<\/p>","protected":false},"featured_media":33465,"template":"","meta":[],"product_brand":[],"product_cat":[383],"product_tag":[],"class_list":{"0":"post-33469","1":"product","2":"type-product","3":"status-publish","4":"has-post-thumbnail","6":"product_cat-licensed-stationery-supplier","8":"first","9":"instock","10":"shipping-taxable","11":"product-type-simple"},"_links":{"self":[{"href":"http:\/\/shinyyoustationery.com\/pl\/wp-json\/wp\/v2\/product\/33469","targetHints":{"allow":["GET"]}}],"collection":[{"href":"http:\/\/shinyyoustationery.com\/pl\/wp-json\/wp\/v2\/product"}],"about":[{"href":"http:\/\/shinyyoustationery.com\/pl\/wp-json\/wp\/v2\/types\/product"}],"version-history":[{"count":0,"href":"http:\/\/shinyyoustationery.com\/pl\/wp-json\/wp\/v2\/product\/33469\/revisions"}],"wp:featuredmedia":[{"embeddable":true,"href":"http:\/\/shinyyoustationery.com\/pl\/wp-json\/wp\/v2\/media\/33465"}],"wp:attachment":[{"href":"http:\/\/shinyyoustationery.com\/pl\/wp-json\/wp\/v2\/media?parent=33469"}],"wp:term":[{"taxonomy":"product_brand","embeddable":true,"href":"http:\/\/shinyyoustationery.com\/pl\/wp-json\/wp\/v2\/product_brand?post=33469"},{"taxonomy":"product_cat","embeddable":true,"href":"http:\/\/shinyyoustationery.com\/pl\/wp-json\/wp\/v2\/product_cat?post=33469"},{"taxonomy":"product_tag","embeddable":true,"href":"http:\/\/shinyyoustationery.com\/pl\/wp-json\/wp\/v2\/product_tag?post=33469"}],"curies":[{"name":"wp","href":"https:\/\/api.w.org\/{rel}","templated":true}]}}