{"id":33471,"date":"2025-06-24T22:07:35","date_gmt":"2025-06-25T06:07:35","guid":{"rendered":"http:\/\/45.63.70.205\/?post_type=product&#038;p=33471"},"modified":"2025-06-24T22:07:36","modified_gmt":"2025-06-25T06:07:36","slug":"my-little-pony-unicorn-starry-notebook-mint-green-with-gold-foil","status":"publish","type":"product","link":"http:\/\/shinyyoustationery.com\/pl\/my-little-pony-unicorn-starry-notebook-mint-green-with-gold-foil\/","title":{"rendered":"Notatnik My Little Pony Unicorn Starry - mi\u0119towa ziele\u0144 ze z\u0142ot\u0105 foli\u0105"},"content":{"rendered":"","protected":false},"excerpt":{"rendered":"<p>Ten czaruj\u0105cy notatnik My Little Pony Unicorn ma mi\u0119kk\u0105 mi\u0119towo-zielon\u0105 ok\u0142adk\u0119 ozdobion\u0105 osza\u0142amiaj\u0105cym wzorem ze z\u0142otej folii przedstawiaj\u0105cym jednoro\u017cca otoczonego migocz\u0105cymi gwiazdami. Idealny do pisania, szkicowania lub prowadzenia dziennika, ten magiczny notatnik dodaje odrobin\u0119 cudowno\u015bci do ka\u017cdego kreatywnego zadania. Idealny dla fan\u00f3w My Little Pony i tych, kt\u00f3rzy kochaj\u0105 kapry\u015bne artyku\u0142y papiernicze!<\/p>","protected":false},"featured_media":33473,"template":"","meta":[],"product_brand":[],"product_cat":[383],"product_tag":[],"class_list":{"0":"post-33471","1":"product","2":"type-product","3":"status-publish","4":"has-post-thumbnail","6":"product_cat-licensed-stationery-supplier","8":"first","9":"instock","10":"shipping-taxable","11":"product-type-simple"},"_links":{"self":[{"href":"http:\/\/shinyyoustationery.com\/pl\/wp-json\/wp\/v2\/product\/33471","targetHints":{"allow":["GET"]}}],"collection":[{"href":"http:\/\/shinyyoustationery.com\/pl\/wp-json\/wp\/v2\/product"}],"about":[{"href":"http:\/\/shinyyoustationery.com\/pl\/wp-json\/wp\/v2\/types\/product"}],"version-history":[{"count":0,"href":"http:\/\/shinyyoustationery.com\/pl\/wp-json\/wp\/v2\/product\/33471\/revisions"}],"wp:featuredmedia":[{"embeddable":true,"href":"http:\/\/shinyyoustationery.com\/pl\/wp-json\/wp\/v2\/media\/33473"}],"wp:attachment":[{"href":"http:\/\/shinyyoustationery.com\/pl\/wp-json\/wp\/v2\/media?parent=33471"}],"wp:term":[{"taxonomy":"product_brand","embeddable":true,"href":"http:\/\/shinyyoustationery.com\/pl\/wp-json\/wp\/v2\/product_brand?post=33471"},{"taxonomy":"product_cat","embeddable":true,"href":"http:\/\/shinyyoustationery.com\/pl\/wp-json\/wp\/v2\/product_cat?post=33471"},{"taxonomy":"product_tag","embeddable":true,"href":"http:\/\/shinyyoustationery.com\/pl\/wp-json\/wp\/v2\/product_tag?post=33471"}],"curies":[{"name":"wp","href":"https:\/\/api.w.org\/{rel}","templated":true}]}}