{"id":33522,"date":"2025-06-25T01:49:36","date_gmt":"2025-06-25T09:49:36","guid":{"rendered":"http:\/\/45.63.70.205\/?post_type=product&#038;p=33522"},"modified":"2025-06-25T01:58:46","modified_gmt":"2025-06-25T09:58:46","slug":"wholesale-custom-neon-orange-rubber-bands-for-home-office-school","status":"publish","type":"product","link":"http:\/\/shinyyoustationery.com\/pl\/wholesale-custom-neon-orange-rubber-bands-for-home-office-school\/","title":{"rendered":"Hurtownia niestandardowych neonowych pomara\u0144czowych gumek do domu, biura i szko\u0142y"},"content":{"rendered":"","protected":false},"excerpt":{"rendered":"<p>Zachowaj porz\u0105dek w miejscu pracy lub nauki dzi\u0119ki tym pomara\u0144czowym gumkom! Idealne do u\u017cytku w biurze, szkole lub w domu, te elastyczne gumki s\u0105 idealne do wi\u0105zania dokument\u00f3w, organizowania materia\u0142\u00f3w i tworzenia. Zestaw jest dostarczany w przezroczystym s\u0142oiku z pomara\u0144czow\u0105 pokrywk\u0105 u\u0142atwiaj\u0105c\u0105 przechowywanie, dzi\u0119ki czemu zawsze masz szybki dost\u0119p do tych wszechstronnych, codziennych niezb\u0119dnik\u00f3w.<\/p>","protected":false},"featured_media":33524,"template":"","meta":[],"product_brand":[],"product_cat":[699,423],"product_tag":[],"class_list":{"0":"post-33522","1":"product","2":"type-product","3":"status-publish","4":"has-post-thumbnail","6":"product_cat-neon-collection","7":"product_cat-rubber-band","9":"first","10":"instock","11":"shipping-taxable","12":"product-type-simple"},"_links":{"self":[{"href":"http:\/\/shinyyoustationery.com\/pl\/wp-json\/wp\/v2\/product\/33522","targetHints":{"allow":["GET"]}}],"collection":[{"href":"http:\/\/shinyyoustationery.com\/pl\/wp-json\/wp\/v2\/product"}],"about":[{"href":"http:\/\/shinyyoustationery.com\/pl\/wp-json\/wp\/v2\/types\/product"}],"version-history":[{"count":0,"href":"http:\/\/shinyyoustationery.com\/pl\/wp-json\/wp\/v2\/product\/33522\/revisions"}],"wp:featuredmedia":[{"embeddable":true,"href":"http:\/\/shinyyoustationery.com\/pl\/wp-json\/wp\/v2\/media\/33524"}],"wp:attachment":[{"href":"http:\/\/shinyyoustationery.com\/pl\/wp-json\/wp\/v2\/media?parent=33522"}],"wp:term":[{"taxonomy":"product_brand","embeddable":true,"href":"http:\/\/shinyyoustationery.com\/pl\/wp-json\/wp\/v2\/product_brand?post=33522"},{"taxonomy":"product_cat","embeddable":true,"href":"http:\/\/shinyyoustationery.com\/pl\/wp-json\/wp\/v2\/product_cat?post=33522"},{"taxonomy":"product_tag","embeddable":true,"href":"http:\/\/shinyyoustationery.com\/pl\/wp-json\/wp\/v2\/product_tag?post=33522"}],"curies":[{"name":"wp","href":"https:\/\/api.w.org\/{rel}","templated":true}]}}