{"id":33527,"date":"2025-06-25T01:54:03","date_gmt":"2025-06-25T09:54:03","guid":{"rendered":"http:\/\/45.63.70.205\/?post_type=product&#038;p=33527"},"modified":"2025-08-13T04:03:50","modified_gmt":"2025-08-13T12:03:50","slug":"wholesale-custom-neon-orange-document-bag-for-office-or-school","status":"publish","type":"product","link":"http:\/\/shinyyoustationery.com\/pl\/wholesale-custom-neon-orange-document-bag-for-office-or-school\/","title":{"rendered":"Hurtowa niestandardowa neonowa pomara\u0144czowa torba na dokumenty do biura lub szko\u0142y"},"content":{"rendered":"","protected":false},"excerpt":{"rendered":"<p>Ta neonowo-pomara\u0144czowa torba na dokumenty zapewnia bezpiecze\u0144stwo i stylowy wygl\u0105d wa\u017cnych dokument\u00f3w. Dzi\u0119ki eleganckiej, wytrzyma\u0142ej konstrukcji i bezpiecznemu zapi\u0119ciu na zatrzask, doskonale nadaje si\u0119 do porz\u0105dkowania dokument\u00f3w, zeszyt\u00f3w lub projekt\u00f3w. Idealna do u\u017cytku domowego, biurowego lub szkolnego, ta \u017cywa torba zapewnia ochron\u0119 materia\u0142\u00f3w i \u0142atwo\u015b\u0107 przenoszenia.<\/p>","protected":false},"featured_media":33529,"template":"","meta":[],"product_brand":[],"product_cat":[699,438,531,532,412],"product_tag":[],"class_list":{"0":"post-33527","1":"product","2":"type-product","3":"status-publish","4":"has-post-thumbnail","6":"product_cat-neon-collection","7":"product_cat-document-file-holder","8":"product_cat-document-bag-case","9":"product_cat-briefcase","10":"product_cat-document-file-folder","12":"first","13":"instock","14":"shipping-taxable","15":"product-type-simple"},"_links":{"self":[{"href":"http:\/\/shinyyoustationery.com\/pl\/wp-json\/wp\/v2\/product\/33527","targetHints":{"allow":["GET"]}}],"collection":[{"href":"http:\/\/shinyyoustationery.com\/pl\/wp-json\/wp\/v2\/product"}],"about":[{"href":"http:\/\/shinyyoustationery.com\/pl\/wp-json\/wp\/v2\/types\/product"}],"version-history":[{"count":0,"href":"http:\/\/shinyyoustationery.com\/pl\/wp-json\/wp\/v2\/product\/33527\/revisions"}],"wp:featuredmedia":[{"embeddable":true,"href":"http:\/\/shinyyoustationery.com\/pl\/wp-json\/wp\/v2\/media\/33529"}],"wp:attachment":[{"href":"http:\/\/shinyyoustationery.com\/pl\/wp-json\/wp\/v2\/media?parent=33527"}],"wp:term":[{"taxonomy":"product_brand","embeddable":true,"href":"http:\/\/shinyyoustationery.com\/pl\/wp-json\/wp\/v2\/product_brand?post=33527"},{"taxonomy":"product_cat","embeddable":true,"href":"http:\/\/shinyyoustationery.com\/pl\/wp-json\/wp\/v2\/product_cat?post=33527"},{"taxonomy":"product_tag","embeddable":true,"href":"http:\/\/shinyyoustationery.com\/pl\/wp-json\/wp\/v2\/product_tag?post=33527"}],"curies":[{"name":"wp","href":"https:\/\/api.w.org\/{rel}","templated":true}]}}