{"id":33534,"date":"2025-06-25T02:02:49","date_gmt":"2025-06-25T10:02:49","guid":{"rendered":"http:\/\/45.63.70.205\/?post_type=product&#038;p=33534"},"modified":"2025-07-07T15:20:26","modified_gmt":"2025-07-07T07:20:26","slug":"wholesale-custom-neon-pink-and-yellow-zipper-pencil-case-for-school-office","status":"publish","type":"product","link":"http:\/\/shinyyoustationery.com\/pl\/wholesale-custom-neon-pink-and-yellow-zipper-pencil-case-for-school-office\/","title":{"rendered":"Hurtowy niestandardowy neonowy r\u00f3\u017cowo-\u017c\u00f3\u0142ty pi\u00f3rnik na suwak do szko\u0142y i biura"},"content":{"rendered":"","protected":false},"excerpt":{"rendered":"<p>Ten neonowy r\u00f3\u017cowo-\u017c\u00f3\u0142ty pi\u00f3rnik doda \u017cywych kolor\u00f3w do szkolnych lub biurowych niezb\u0119dnik\u00f3w. Wytrzyma\u0142a, przezroczysta konstrukcja z bezpiecznym zamkni\u0119ciem na zamek b\u0142yskawiczny jest idealna do przechowywania d\u0142ugopis\u00f3w, o\u0142\u00f3wk\u00f3w, gumek i innych drobnych akcesori\u00f3w. Zabawny i funkcjonalny wyb\u00f3r do przechowywania uporz\u0105dkowanych przedmiot\u00f3w!<\/p>","protected":false},"featured_media":33536,"template":"","meta":[],"product_brand":[],"product_cat":[699,477,520],"product_tag":[],"class_list":{"0":"post-33534","1":"product","2":"type-product","3":"status-publish","4":"has-post-thumbnail","6":"product_cat-neon-collection","7":"product_cat-school-bags","8":"product_cat-pencil-case-pouch","10":"first","11":"instock","12":"shipping-taxable","13":"product-type-simple"},"_links":{"self":[{"href":"http:\/\/shinyyoustationery.com\/pl\/wp-json\/wp\/v2\/product\/33534","targetHints":{"allow":["GET"]}}],"collection":[{"href":"http:\/\/shinyyoustationery.com\/pl\/wp-json\/wp\/v2\/product"}],"about":[{"href":"http:\/\/shinyyoustationery.com\/pl\/wp-json\/wp\/v2\/types\/product"}],"version-history":[{"count":0,"href":"http:\/\/shinyyoustationery.com\/pl\/wp-json\/wp\/v2\/product\/33534\/revisions"}],"wp:featuredmedia":[{"embeddable":true,"href":"http:\/\/shinyyoustationery.com\/pl\/wp-json\/wp\/v2\/media\/33536"}],"wp:attachment":[{"href":"http:\/\/shinyyoustationery.com\/pl\/wp-json\/wp\/v2\/media?parent=33534"}],"wp:term":[{"taxonomy":"product_brand","embeddable":true,"href":"http:\/\/shinyyoustationery.com\/pl\/wp-json\/wp\/v2\/product_brand?post=33534"},{"taxonomy":"product_cat","embeddable":true,"href":"http:\/\/shinyyoustationery.com\/pl\/wp-json\/wp\/v2\/product_cat?post=33534"},{"taxonomy":"product_tag","embeddable":true,"href":"http:\/\/shinyyoustationery.com\/pl\/wp-json\/wp\/v2\/product_tag?post=33534"}],"curies":[{"name":"wp","href":"https:\/\/api.w.org\/{rel}","templated":true}]}}