{"id":33542,"date":"2025-06-25T02:23:31","date_gmt":"2025-06-25T10:23:31","guid":{"rendered":"http:\/\/45.63.70.205\/?post_type=product&#038;p=33542"},"modified":"2025-07-07T15:20:10","modified_gmt":"2025-07-07T07:20:10","slug":"wholesale-custom-neon-orange-and-yellow-zipper-pencil-case-for-school-or-office","status":"publish","type":"product","link":"http:\/\/shinyyoustationery.com\/pl\/wholesale-custom-neon-orange-and-yellow-zipper-pencil-case-for-school-or-office\/","title":{"rendered":"Hurtowy niestandardowy neonowy pomara\u0144czowo-\u017c\u00f3\u0142ty pi\u00f3rnik na suwak do szko\u0142y lub biura"},"content":{"rendered":"","protected":false},"excerpt":{"rendered":"<p>Przezroczysta, wytrzyma\u0142a konstrukcja i g\u0142adkie zamkni\u0119cie na suwak sprawiaj\u0105, \u017ce idealnie nadaje si\u0119 do porz\u0105dkowania d\u0142ugopis\u00f3w, o\u0142\u00f3wk\u00f3w i drobnych akcesori\u00f3w. Zabawny i funkcjonalny wyb\u00f3r do u\u017cytku szkolnego lub biurowego, dodaj\u0105cy \u017cywy akcent do kolekcji artyku\u0142\u00f3w pi\u015bmiennych.<\/p>","protected":false},"featured_media":33548,"template":"","meta":[],"product_brand":[],"product_cat":[699,477,520],"product_tag":[],"class_list":{"0":"post-33542","1":"product","2":"type-product","3":"status-publish","4":"has-post-thumbnail","6":"product_cat-neon-collection","7":"product_cat-school-bags","8":"product_cat-pencil-case-pouch","10":"first","11":"instock","12":"shipping-taxable","13":"product-type-simple"},"_links":{"self":[{"href":"http:\/\/shinyyoustationery.com\/pl\/wp-json\/wp\/v2\/product\/33542","targetHints":{"allow":["GET"]}}],"collection":[{"href":"http:\/\/shinyyoustationery.com\/pl\/wp-json\/wp\/v2\/product"}],"about":[{"href":"http:\/\/shinyyoustationery.com\/pl\/wp-json\/wp\/v2\/types\/product"}],"version-history":[{"count":0,"href":"http:\/\/shinyyoustationery.com\/pl\/wp-json\/wp\/v2\/product\/33542\/revisions"}],"wp:featuredmedia":[{"embeddable":true,"href":"http:\/\/shinyyoustationery.com\/pl\/wp-json\/wp\/v2\/media\/33548"}],"wp:attachment":[{"href":"http:\/\/shinyyoustationery.com\/pl\/wp-json\/wp\/v2\/media?parent=33542"}],"wp:term":[{"taxonomy":"product_brand","embeddable":true,"href":"http:\/\/shinyyoustationery.com\/pl\/wp-json\/wp\/v2\/product_brand?post=33542"},{"taxonomy":"product_cat","embeddable":true,"href":"http:\/\/shinyyoustationery.com\/pl\/wp-json\/wp\/v2\/product_cat?post=33542"},{"taxonomy":"product_tag","embeddable":true,"href":"http:\/\/shinyyoustationery.com\/pl\/wp-json\/wp\/v2\/product_tag?post=33542"}],"curies":[{"name":"wp","href":"https:\/\/api.w.org\/{rel}","templated":true}]}}