{"id":33549,"date":"2025-06-25T02:48:53","date_gmt":"2025-06-25T10:48:53","guid":{"rendered":"http:\/\/45.63.70.205\/?post_type=product&#038;p=33549"},"modified":"2025-07-07T15:20:03","modified_gmt":"2025-07-07T07:20:03","slug":"wholesale-custom-neon-green-and-yellow-zipper-pencil-case-for-school-or-office","status":"publish","type":"product","link":"http:\/\/shinyyoustationery.com\/pl\/wholesale-custom-neon-green-and-yellow-zipper-pencil-case-for-school-or-office\/","title":{"rendered":"Hurtowy niestandardowy neonowy zielony i \u017c\u00f3\u0142ty pi\u00f3rnik na suwak do szko\u0142y lub biura"},"content":{"rendered":"","protected":false},"excerpt":{"rendered":"<p>Wykonany z trwa\u0142ego, przezroczystego materia\u0142u i wyposa\u017cony w g\u0142adkie zamkni\u0119cie na suwak, jest idealny do organizowania d\u0142ugopis\u00f3w, o\u0142\u00f3wk\u00f3w, gumek i innych ma\u0142ych artyku\u0142\u00f3w pi\u015bmiennych. \u017bywy dodatek do ka\u017cdej szko\u0142y lub biura!<\/p>","protected":false},"featured_media":33551,"template":"","meta":[],"product_brand":[],"product_cat":[520,699,477],"product_tag":[],"class_list":{"0":"post-33549","1":"product","2":"type-product","3":"status-publish","4":"has-post-thumbnail","6":"product_cat-pencil-case-pouch","7":"product_cat-neon-collection","8":"product_cat-school-bags","10":"first","11":"instock","12":"shipping-taxable","13":"product-type-simple"},"_links":{"self":[{"href":"http:\/\/shinyyoustationery.com\/pl\/wp-json\/wp\/v2\/product\/33549","targetHints":{"allow":["GET"]}}],"collection":[{"href":"http:\/\/shinyyoustationery.com\/pl\/wp-json\/wp\/v2\/product"}],"about":[{"href":"http:\/\/shinyyoustationery.com\/pl\/wp-json\/wp\/v2\/types\/product"}],"version-history":[{"count":0,"href":"http:\/\/shinyyoustationery.com\/pl\/wp-json\/wp\/v2\/product\/33549\/revisions"}],"wp:featuredmedia":[{"embeddable":true,"href":"http:\/\/shinyyoustationery.com\/pl\/wp-json\/wp\/v2\/media\/33551"}],"wp:attachment":[{"href":"http:\/\/shinyyoustationery.com\/pl\/wp-json\/wp\/v2\/media?parent=33549"}],"wp:term":[{"taxonomy":"product_brand","embeddable":true,"href":"http:\/\/shinyyoustationery.com\/pl\/wp-json\/wp\/v2\/product_brand?post=33549"},{"taxonomy":"product_cat","embeddable":true,"href":"http:\/\/shinyyoustationery.com\/pl\/wp-json\/wp\/v2\/product_cat?post=33549"},{"taxonomy":"product_tag","embeddable":true,"href":"http:\/\/shinyyoustationery.com\/pl\/wp-json\/wp\/v2\/product_tag?post=33549"}],"curies":[{"name":"wp","href":"https:\/\/api.w.org\/{rel}","templated":true}]}}